{"id":1066,"date":"2018-10-10T18:37:20","date_gmt":"2018-10-10T18:37:20","guid":{"rendered":"https:\/\/sunway.freevision.me\/?page_id=1066"},"modified":"2024-10-06T11:17:18","modified_gmt":"2024-10-06T11:17:18","slug":"t-t-d","status":"publish","type":"page","link":"https:\/\/chrisanthi-mirthios.com\/it\/t-t-d\/","title":{"rendered":"ATTIVIT\u00c0"},"content":{"rendered":"<div class=\"wpb-content-wrapper\"><div data-vc-full-width=\"true\" data-vc-full-width-init=\"false\" data-vc-parallax=\"1.5\" data-vc-parallax-image=\"https:\/\/chrisanthi-mirthios.com\/wp-content\/uploads\/2024\/10\/triopetra.png\" class=\"vc_row wpb_row vc_row-fluid vc_custom_1728213436061 vc_row-has-fill vc_column-gap-0 vc_row-o-content-middle vc_row-flex vc_general vc_parallax vc_parallax-content-moving\"><div class=\"wpb_column vc_column_container vc_col-sm-12\"><div class=\"vc_column-inner\"><div class=\"wpb_wrapper\"><h1 style=\"color: #ffffff;text-align: center;font-family:Playfair Display;font-weight:400;font-style:normal\" class=\"vc_custom_heading\" ><\/h1><h4 style=\"color: #c19b76;text-align: center;font-family:Playfair Display;font-weight:400;font-style:italic\" class=\"vc_custom_heading\" ><\/h4><\/div><\/div><\/div><\/div><div class=\"vc_row-full-width vc_clearfix\"><\/div><div class=\"vc_row wpb_row vc_row-fluid vc_custom_1543003836186 vc_column-gap-0\"><div class=\"wpb_column vc_column_container vc_col-sm-12\"><div class=\"vc_column-inner\"><div class=\"wpb_wrapper\"><h2 style=\"text-align: center\" class=\"vc_custom_heading vc_custom_1726997437235\" >Cose da fare nei dintorni<\/h2><div class=\"vc_row wpb_row vc_inner vc_row-fluid vc_custom_1543003651066\"><div class=\"wpb_column vc_column_container vc_col-sm-6\"><div class=\"vc_column-inner\"><div class=\"wpb_wrapper\">\r\n\t<div  class=\"wpb_single_image wpb_content_element vc_align_center\">\r\n\t\t\r\n\t\t<figure class=\"wpb_wrapper vc_figure\">\r\n\t\t\t<div class=\"vc_single_image-wrapper img-wrapper   vc_box_border_grey\"><img loading=\"lazy\" decoding=\"async\" width=\"736\" height=\"548\" src=\"https:\/\/chrisanthi-mirthios.com\/wp-content\/uploads\/2024\/10\/header-3.png\" class=\"vc_single_image-img attachment-full\" alt=\"\" title=\"intestazione-3\" srcset=\"https:\/\/chrisanthi-mirthios.com\/wp-content\/uploads\/2024\/10\/header-3.png 736w, https:\/\/chrisanthi-mirthios.com\/wp-content\/uploads\/2024\/10\/header-3-300x223.png 300w\" sizes=\"auto, (max-width: 736px) 100vw, 736px\" \/><\/div>\r\n\t\t<\/figure>\r\n\t<\/div>\r\n<div id=\"oabx-1\" style=\"--data-bgcolor:rgba(0,0,0,0.7)\" class=\"ozy-arrow_box arrow-TOP\"><\/p>\n<h4 style=\"text-align: center;\">Villaggio di Plakias<\/h4>\n<p>La bella spiaggia che pu\u00f2 vedere un visitatore di \"Studios and Apartments Chrisanthi\" \u00e8 la spiaggia orientale del villaggio balneare di Plakias che si estende attraverso la baia fino alla zona di Paligkremnos.<\/p>\n<p>Plakias, la citt\u00e0 principale della zona, offre tutti i servizi di base come farmacie, medici, negozi, servizi di autobus e taxi, una piccola biblioteca, un bancomat e molti negozi di caff\u00e8 e ristoranti.<\/p>\n<p>Da Plakias \u00e8 inoltre possibile organizzare escursioni con agenzie di viaggio verso importanti luoghi di interesse dell'isola di Creta, come le gole di Samaria, Aradena, Cnosso ecc.<span  id=\"wofcb-2\" class=\"ozy-custom_button_w\"><a id=\"ofcb-2\" style=\"--data-bordercolor:#000000\" class=\"ozy-custom_button ocbtn-1\"  href=\"#\"  target=\"_self\" >SAPERNE DI PI\u00d9<\/a><\/span><\/div><div class=\"vc_empty_space\"   style=\"height: 30px\"><span class=\"vc_empty_space_inner\"><\/span><\/div>\r\n\t<div  class=\"wpb_single_image wpb_content_element vc_align_center\">\r\n\t\t\r\n\t\t<figure class=\"wpb_wrapper vc_figure\">\r\n\t\t\t<div class=\"vc_single_image-wrapper img-wrapper   vc_box_border_grey\"><img loading=\"lazy\" decoding=\"async\" width=\"655\" height=\"530\" src=\"https:\/\/chrisanthi-mirthios.com\/wp-content\/uploads\/2024\/10\/collage-activities.png\" class=\"vc_single_image-img attachment-full\" alt=\"\" title=\"attivit\u00e0 di collage\" srcset=\"https:\/\/chrisanthi-mirthios.com\/wp-content\/uploads\/2024\/10\/collage-activities.png 655w, https:\/\/chrisanthi-mirthios.com\/wp-content\/uploads\/2024\/10\/collage-activities-300x243.png 300w\" sizes=\"auto, (max-width: 655px) 100vw, 655px\" \/><\/div>\r\n\t\t<\/figure>\r\n\t<\/div>\r\n<div id=\"oabx-3\" style=\"--data-bgcolor:rgba(0,0,0,0.7)\" class=\"ozy-arrow_box arrow-TOP\"><\/p>\n<h4 style=\"text-align: center;\">Attivit\u00e0<\/h4>\n<p>Nella zona di Plakias e dintorni \u00e8 possibile scoprire una grande variet\u00e0 di attivit\u00e0 che aiutano a esplorare la bellezza della zona e a rilassare mente e spirito.<\/p>\n<p>La bellissima zona di Rethimno sud contiene una grande quantit\u00e0 di piccoli sentieri che collegano montagne, antiche chiese e villaggi. La variet\u00e0 di spiagge e destinazioni balneari d\u00e0 spazio anche a ulteriori esplorazioni attraverso gite in barca e immersioni.<\/p>\n<p>A Plakias e dintorni si possono trovare escursioni organizzate, centri di immersione, gite in barca, passeggiate a cavallo, centri termali, yoga, eventi di musica dal vivo, sport acquatici in spiaggia o anche personal trainer.<span  id=\"wofcb-4\" class=\"ozy-custom_button_w\"><a id=\"ofcb-4\" style=\"--data-bordercolor:#000000\" class=\"ozy-custom_button ocbtn-1\"  href=\"#\"  target=\"_self\" >SAPERNE DI PI\u00d9<\/a><\/span><\/div><div class=\"vc_empty_space\"   style=\"height: 30px\"><span class=\"vc_empty_space_inner\"><\/span><\/div>\r\n\t<div  class=\"wpb_single_image wpb_content_element vc_align_center\">\r\n\t\t\r\n\t\t<figure class=\"wpb_wrapper vc_figure\">\r\n\t\t\t<div class=\"vc_single_image-wrapper img-wrapper   vc_box_border_grey\"><img loading=\"lazy\" decoding=\"async\" width=\"600\" height=\"398\" src=\"https:\/\/chrisanthi-mirthios.com\/wp-content\/uploads\/2024\/09\/ammoudi3.jpg\" class=\"vc_single_image-img attachment-full\" alt=\"\" title=\"ammoudi3\" srcset=\"https:\/\/chrisanthi-mirthios.com\/wp-content\/uploads\/2024\/09\/ammoudi3.jpg 600w, https:\/\/chrisanthi-mirthios.com\/wp-content\/uploads\/2024\/09\/ammoudi3-300x199.jpg 300w\" sizes=\"auto, (max-width: 600px) 100vw, 600px\" \/><\/div>\r\n\t\t<\/figure>\r\n\t<\/div>\r\n<div id=\"oabx-5\" style=\"--data-bgcolor:rgba(0,0,0,0.7)\" class=\"ozy-arrow_box arrow-TOP\"><\/p>\n<h4 style=\"text-align: center;\">Spiaggia di Ammoudi<\/h4>\n<p>La spiaggia di Amoudi \u00e8 una meravigliosa spiaggia sabbiosa a 7,6 chilometri a est della localit\u00e0 Plakias e a 10 minuti a piedi dalla spiaggia di Damnoni abbastanza riparata dai venti.<\/p>\n<p>Una piccola spiaggia (appena fuori dal villaggio di Lefkogeia) con sabbia bianca grossa, acque limpide e fondali rocciosi di colore verdastro. Gli alberi adiacenti offrono ombra e la possibilit\u00e0 di campeggiare.<span  id=\"wofcb-6\" class=\"ozy-custom_button_w\"><a id=\"ofcb-6\" style=\"--data-bordercolor:#000000\" class=\"ozy-custom_button ocbtn-1\"  href=\"#\"  target=\"_self\" >SAPERNE DI PI\u00d9<\/a><\/span><\/div><div class=\"vc_empty_space\"   style=\"height: 30px\"><span class=\"vc_empty_space_inner\"><\/span><\/div>\r\n\t<div  class=\"wpb_single_image wpb_content_element vc_align_center\">\r\n\t\t\r\n\t\t<figure class=\"wpb_wrapper vc_figure\">\r\n\t\t\t<div class=\"vc_single_image-wrapper img-wrapper   vc_box_border_grey\"><img loading=\"lazy\" decoding=\"async\" width=\"600\" height=\"314\" src=\"https:\/\/chrisanthi-mirthios.com\/wp-content\/uploads\/2024\/09\/ammoudaki1.jpg\" class=\"vc_single_image-img attachment-full\" alt=\"\" title=\"ammoudaki1\" srcset=\"https:\/\/chrisanthi-mirthios.com\/wp-content\/uploads\/2024\/09\/ammoudaki1.jpg 600w, https:\/\/chrisanthi-mirthios.com\/wp-content\/uploads\/2024\/09\/ammoudaki1-300x157.jpg 300w\" sizes=\"auto, (max-width: 600px) 100vw, 600px\" \/><\/div>\r\n\t\t<\/figure>\r\n\t<\/div>\r\n<div id=\"oabx-7\" style=\"--data-bgcolor:rgba(0,0,0,0.7)\" class=\"ozy-arrow_box arrow-TOP\"><\/p>\n<h4 style=\"text-align: center;\">Spiaggia di Ammoudaki<\/h4>\n<p>Una spiaggia organizzata con strutture per l'alloggio, il cibo e il nuoto (sedie a sdraio, ombrelloni, sport acquatici). \u00c8 una scelta molto popolare per i bagnanti che vogliono nuotare e prendere il sole nudi. A causa della sua popolarit\u00e0 e delle dimensioni ridotte, \u00e8 affollata soprattutto nei mesi di punta.<span  id=\"wofcb-8\" class=\"ozy-custom_button_w\"><a id=\"ofcb-8\" style=\"--data-bordercolor:#000000\" class=\"ozy-custom_button ocbtn-1\"  href=\"#\"  target=\"_self\" >SAPERNE DI PI\u00d9<\/a><\/span><\/div><\/div><\/div><\/div><div class=\"wpb_column vc_column_container vc_col-sm-6\"><div class=\"vc_column-inner\"><div class=\"wpb_wrapper\">\r\n\t<div  class=\"wpb_single_image wpb_content_element vc_align_center\">\r\n\t\t\r\n\t\t<figure class=\"wpb_wrapper vc_figure\">\r\n\t\t\t<div class=\"vc_single_image-wrapper img-wrapper   vc_box_border_grey\"><img loading=\"lazy\" decoding=\"async\" width=\"665\" height=\"604\" src=\"https:\/\/chrisanthi-mirthios.com\/wp-content\/uploads\/2024\/10\/collage-preveli.png\" class=\"vc_single_image-img attachment-full\" alt=\"\" title=\"collage-preveli\" srcset=\"https:\/\/chrisanthi-mirthios.com\/wp-content\/uploads\/2024\/10\/collage-preveli.png 665w, https:\/\/chrisanthi-mirthios.com\/wp-content\/uploads\/2024\/10\/collage-preveli-300x272.png 300w\" sizes=\"auto, (max-width: 665px) 100vw, 665px\" \/><\/div>\r\n\t\t<\/figure>\r\n\t<\/div>\r\n<div id=\"oabx-9\" style=\"--data-bgcolor:rgba(0,0,0,0.7)\" class=\"ozy-arrow_box arrow-TOP\"><\/p>\n<h4 style=\"text-align: center;\">Spiaggia delle palme e monastero di Preveli<\/h4>\n<p>L'area del \"Lago Preveli\" si trova nella parte meridionale dell'isola di Creta, a pochi chilometri a est della zona di Plakias. L'incredibile scenario inizia dall'imponente gola di Kourtaliotiko, dove si trovano le sorgenti d'acqua di San Nicola, che lo riforniscono d'acqua durante tutto l'anno.<\/p>\n<p>Chiese e monasteri, ponti di pietra e mulini testimoniano il contesto storico e culturale di questo luogo. Si trova vicino al Monastero di Preveli e per visitare la spiaggia sono necessari pochi minuti di discesa dalla montagna.<br \/>\nQui sfocia il Grande Fiume e sulle sue sponde dominano le palme.<\/div><div class=\"vc_empty_space\"   style=\"height: 30px\"><span class=\"vc_empty_space_inner\"><\/span><\/div>\r\n\t<div  class=\"wpb_single_image wpb_content_element vc_align_center\">\r\n\t\t\r\n\t\t<figure class=\"wpb_wrapper vc_figure\">\r\n\t\t\t<div class=\"vc_single_image-wrapper img-wrapper   vc_box_border_grey\"><img loading=\"lazy\" decoding=\"async\" width=\"600\" height=\"450\" src=\"https:\/\/chrisanthi-mirthios.com\/wp-content\/uploads\/2024\/09\/damnoni3.jpg\" class=\"vc_single_image-img attachment-full\" alt=\"\" title=\"damnoni3\" srcset=\"https:\/\/chrisanthi-mirthios.com\/wp-content\/uploads\/2024\/09\/damnoni3.jpg 600w, https:\/\/chrisanthi-mirthios.com\/wp-content\/uploads\/2024\/09\/damnoni3-300x225.jpg 300w\" sizes=\"auto, (max-width: 600px) 100vw, 600px\" \/><\/div>\r\n\t\t<\/figure>\r\n\t<\/div>\r\n<div id=\"oabx-10\" style=\"--data-bgcolor:rgba(0,0,0,0.7)\" class=\"ozy-arrow_box arrow-TOP\"><\/p>\n<h4 style=\"text-align: center;\">Spiaggia di Damnoni<\/h4>\n<p>Un'altra spiaggia sabbiosa organizzata si trova a breve distanza da Plakias. \u00c8 consigliata ai nuotatori esperti, poich\u00e9 il mare si approfondisce rapidamente.<\/p>\n<p>I visitatori possono cenare in famosi ristoranti di fronte alla spiaggia.<span  id=\"wofcb-11\" class=\"ozy-custom_button_w\"><a id=\"ofcb-11\" style=\"--data-bordercolor:#000000\" class=\"ozy-custom_button ocbtn-1\"  href=\"#\"  target=\"_self\" >SAPERNE DI PI\u00d9<\/a><\/span><\/div><div class=\"vc_empty_space\"   style=\"height: 30px\"><span class=\"vc_empty_space_inner\"><\/span><\/div>\r\n\t<div  class=\"wpb_single_image wpb_content_element vc_align_center\">\r\n\t\t\r\n\t\t<figure class=\"wpb_wrapper vc_figure\">\r\n\t\t\t<div class=\"vc_single_image-wrapper img-wrapper   vc_box_border_grey\"><img loading=\"lazy\" decoding=\"async\" width=\"600\" height=\"451\" src=\"https:\/\/chrisanthi-mirthios.com\/wp-content\/uploads\/2024\/09\/souda6.jpg\" class=\"vc_single_image-img attachment-full\" alt=\"\" title=\"souda6\" srcset=\"https:\/\/chrisanthi-mirthios.com\/wp-content\/uploads\/2024\/09\/souda6.jpg 600w, https:\/\/chrisanthi-mirthios.com\/wp-content\/uploads\/2024\/09\/souda6-300x226.jpg 300w\" sizes=\"auto, (max-width: 600px) 100vw, 600px\" \/><\/div>\r\n\t\t<\/figure>\r\n\t<\/div>\r\n<div id=\"oabx-12\" style=\"--data-bgcolor:rgba(0,0,0,0.7)\" class=\"ozy-arrow_box arrow-TOP\"><\/p>\n<h4 style=\"text-align: center;\">Spiaggia di Souda<\/h4>\n<p>Qui termina la spianata di Plakias. Combina sabbia e ciottoli, nota per le sue acque cristalline e perfetta per i giorni di forte vento, poich\u00e9 questa zona \u00e8 protetta dal vento.<\/p>\n<p>La spiaggia di Souda si trova a 33 km a sud-ovest di Rethymno. La spiaggia di Souda \u00e8 una lunga spiaggia di sabbia e ciottoli, con acque cristalline, premiata nel 2012 con la Bandiera Blu.<\/p>\n<p>La spiaggia \u00e8 organizzata con tutti i comfort, sedie, ombrelloni, spogliatoi, docce, bagnino e taverne.<span  id=\"wofcb-13\" class=\"ozy-custom_button_w\"><a id=\"ofcb-13\" style=\"--data-bordercolor:#000000\" class=\"ozy-custom_button ocbtn-1\"  href=\"#\"  target=\"_self\" >SAPERNE DI PI\u00d9<\/a><\/span><\/div><\/div><\/div><\/div><\/div><\/div><\/div><\/div><\/div>\n<\/div>","protected":false},"excerpt":{"rendered":"Things To Do Around Plakias village The beautiful beach that can see a visitor from \"Studios and Apartments Chrisanthi\" is the eastern beach of Plakias seaside village that extends across [...]","protected":false},"author":1,"featured_media":0,"parent":0,"menu_order":0,"comment_status":"closed","ping_status":"closed","template":"page-transparent-menu.php","meta":{"footnotes":""},"class_list":["post-1066","page","type-page","status-publish","hentry",null],"_links":{"self":[{"href":"https:\/\/chrisanthi-mirthios.com\/it\/wp-json\/wp\/v2\/pages\/1066","targetHints":{"allow":["GET"]}}],"collection":[{"href":"https:\/\/chrisanthi-mirthios.com\/it\/wp-json\/wp\/v2\/pages"}],"about":[{"href":"https:\/\/chrisanthi-mirthios.com\/it\/wp-json\/wp\/v2\/types\/page"}],"author":[{"embeddable":true,"href":"https:\/\/chrisanthi-mirthios.com\/it\/wp-json\/wp\/v2\/users\/1"}],"replies":[{"embeddable":true,"href":"https:\/\/chrisanthi-mirthios.com\/it\/wp-json\/wp\/v2\/comments?post=1066"}],"version-history":[{"count":17,"href":"https:\/\/chrisanthi-mirthios.com\/it\/wp-json\/wp\/v2\/pages\/1066\/revisions"}],"predecessor-version":[{"id":2200,"href":"https:\/\/chrisanthi-mirthios.com\/it\/wp-json\/wp\/v2\/pages\/1066\/revisions\/2200"}],"wp:attachment":[{"href":"https:\/\/chrisanthi-mirthios.com\/it\/wp-json\/wp\/v2\/media?parent=1066"}],"curies":[{"name":"wp","href":"https:\/\/api.w.org\/{rel}","templated":true}]}}