{"id":1868,"date":"2018-09-03T19:11:29","date_gmt":"2018-09-03T19:11:29","guid":{"rendered":"https:\/\/sunway.freevision.me\/?page_id=15"},"modified":"2025-03-02T14:30:33","modified_gmt":"2025-03-02T14:30:33","slug":"ixdex01","status":"publish","type":"page","link":"https:\/\/chrisanthi-mirthios.com\/fr\/","title":{"rendered":"Page d'accueil 01"},"content":{"rendered":"<div class=\"wpb-content-wrapper\"><div data-vc-full-width=\"true\" data-vc-full-width-init=\"false\" data-vc-stretch-content=\"true\" class=\"vc_row wpb_row vc_row-fluid vc_column-gap-0 vc_row-no-padding vc_row-o-full-height vc_row-o-columns-middle vc_row-flex\"><div class=\"wpb_column vc_column_container vc_col-sm-12\"><div class=\"vc_column-inner\"><div class=\"wpb_wrapper\"><div id=\"top-banner-background-1\" class=\"shortcode-mode\"><div class=\"hero-background-slider\"><div style=\"background:url(https:\/\/chrisanthi-mirthios.com\/wp-content\/uploads\/2024\/09\/IMG_1602-scaled.jpg)\" data-title=\"Chrisanthi Mirthios Apartments\" data-subtitle=\"DISCOVER STUNNING SUNRISE AND SUNSET VIEWS\" data-link=\"#rooms\" data-linktitle=\"VIEW OUR APARTMENTS &amp; STUDIOS\" data-fgcolor=\"#ffffff\"><div class=\"div_link\"><span  id=\"wofcb-2\" class=\"ozy-custom_button_w\"><a id=\"ofcb-2\" style=\"--data-bordercolor:#000000\" class=\"ozy-custom_button ocbtn-12\"  href=\"#rooms\"  target=\"_self\" >VOIR NOS APPARTEMENTS<\/a><\/span><\/div><\/div><\/div><div class=\"hero-background-slider\"><div style=\"background:url(https:\/\/chrisanthi-mirthios.com\/wp-content\/uploads\/2024\/11\/IMG_1923-sli.jpg)\" data-title=\"Tradition &amp; Renovation\" data-subtitle=\"TRADITIONAL VIBES\" data-link=\"#rooms\" data-linktitle=\"ACCOMODATION\" data-fgcolor=\"#ffffff\"><div class=\"div_link\"><span  id=\"wofcb-3\" class=\"ozy-custom_button_w\"><a id=\"ofcb-3\" style=\"--data-bordercolor:#000000\" class=\"ozy-custom_button ocbtn-12\"  href=\"#rooms\"  target=\"_self\" >H\u00c9BERGEMENT<\/a><\/span><\/div><\/div><\/div><div class=\"hero-background-slider\"><div style=\"background:url(https:\/\/chrisanthi-mirthios.com\/wp-content\/uploads\/2024\/09\/slide-3.jpg)\" data-title=\"Amazing Panoramic Views\" data-subtitle=\"RELAX &amp; UNWIND\" data-link=\"#rooms\" data-linktitle=\"BOOK NOW\" data-fgcolor=\"#ffffff\"><div class=\"div_link\"><span  id=\"wofcb-4\" class=\"ozy-custom_button_w\"><a id=\"ofcb-4\" style=\"--data-bordercolor:#000000\" class=\"ozy-custom_button ocbtn-12\"  href=\"#rooms\"  target=\"_self\" >R\u00c9SERVEZ MAINTENANT<\/a><\/span><\/div><\/div><\/div><div class=\"reveal-slider-caption\"><\/div><\/div><div id=\"availability_search-5\" style=\"--bg-color:#ffffff\" class=\"homepage-widget-area container  floating-box bottom\"><div class=\"mphb_sc_search-wrapper widget_mphb_search_availability_widget\"><form method=\"GET\" class=\"mphb_sc_search-form\" action=\"https:\/\/chrisanthi-mirthios.com\/fr\/search-results\/\" data-first_available_check_in_date=\"2026-05-12\" data-trp-original-action=\"https:\/\/chrisanthi-mirthios.com\/fr\/search-results\/\">\r\n\r\n\t<p class = \"mphb-required-fields-tip\">\n\t<small>\n\t\tLes champs obligatoires sont suivis d'un ast\u00e9risque.\t\t<abbr title=\"requis\">*<\/abbr>\n\t<\/small>\n<\/p>\n\r\n\t<p class=\"mphb_sc_search-check-in-date\">\r\n\t\t<label for=\"mphb_check_in_date-mphb-search-form-6a03157d7cc2e\">\r\n\t\t\tEnregistrement\t\t\t<abbr title=\"Format\u00e9 en jj\/mm\/aaaa\">*<\/abbr>\r\n\t\t<\/label>\r\n\t\t<input\r\n\t\t\tid=\"mphb_check_in_date-mphb-search-form-6a03157d7cc2e\"\r\n\t\t\tdata-datepick-group=\"mphb-search-form-6a03157d7cc2e\"\r\n\t\t\tvalue=\"12\/05\/2026\"\r\n\t\t\tplaceholder=\"Date d&#039;arriv\u00e9e\"\r\n\t\t\trequired=\"required\"\r\n\t\t\ttype=\"text\"\r\n\t\t\tname=\"mphb_check_in_date\"\r\n\t\t\tclass=\"mphb-datepick\"\r\n\t\t\tautocomplete=\"off\"\r\n\t\t\t\/>\r\n\t<\/p>\r\n\r\n\t<p class=\"mphb_sc_search-check-out-date\">\r\n\t\t<label for=\"mphb_check_out_date-mphb-search-form-6a03157d7cc2e\">\r\n\t\t\tD\u00e9part\t\t\t<abbr title=\"Format\u00e9 en jj\/mm\/aaaa\">*<\/abbr>\r\n\t\t<\/label>\r\n\t\t<input\r\n\t\t\tid=\"mphb_check_out_date-mphb-search-form-6a03157d7cc2e\"\r\n\t\t\tdata-datepick-group=\"mphb-search-form-6a03157d7cc2e\"\r\n\t\t\tvalue=\"13\/05\/2026\"\r\n\t\t\tplaceholder=\"Date de d\u00e9part\"\r\n\t\t\trequired=\"required\"\r\n\t\t\ttype=\"text\"\r\n\t\t\tname=\"mphb_check_out_date\"\r\n\t\t\tclass=\"mphb-datepick\"\r\n\t\t\tautocomplete=\"off\"\r\n\t\t\t\/>\r\n\t<\/p>\r\n\r\n\t\t\t<p class=\"mphb_sc_search-adults\">\r\n\t\t\t<label for=\"mphb_adults-mphb-search-form-6a03157d7cc2e\">\r\n\t\t\t\tInvit\u00e9s\t\t\t<\/label>\r\n\t\t\t<span><span>-<\/span><input type=\"number\" id=\"mphb_adults-mphb-search-form-6a03157d7cc2e\" name=\"mphb_adults\" value=\"1\" min=\"1\" max=\"30\"\/><span>+<\/span><\/span>\r\n\t\t<\/p>\r\n\t\r\n\t\t\t<input type=\"hidden\" id=\"mphb_children-mphb-search-form-6a03157d7cc2e\" name=\"mphb_children\" value=\"0\" \/>\r\n\t\r\n\t\r\n\t\r\n\t<input id=\"mphb_check_in_date-mphb-search-form-6a03157d7cc2e-hidden\" value=\"2026-05-12\" type=\"hidden\" name=\"mphb_check_in_date\" \/><input id=\"mphb_check_out_date-mphb-search-form-6a03157d7cc2e-hidden\" value=\"2026-05-13\" type=\"hidden\" name=\"mphb_check_out_date\" \/>\r\n\t<p class=\"mphb_sc_search-submit-button-wrapper\">\r\n\t\t<input type=\"submit\" class=\"button\" value=\"V\u00e9rifier la disponibilit\u00e9\"\/>\r\n\t<\/p>\r\n\r\n\t\r\n<input type=\"hidden\" name=\"trp-form-language\" value=\"fr\"\/><\/form>\r\n<\/div><\/div><\/div><\/div><\/div><\/div><div class=\"vc_row-full-width vc_clearfix\"><\/div><div class=\"vc_row wpb_row vc_row-fluid vc_custom_1740925829840 vc_row-has-fill vc_column-gap-0 vc_row-o-content-middle vc_row-flex\"><div class=\"wpb_column vc_column_container vc_col-sm-6\"><div class=\"vc_column-inner\"><div class=\"wpb_wrapper\"><h2 style=\"color: #000000;text-align: center\" class=\"vc_custom_heading vc_custom_1727116876021\" >Un choix id\u00e9al pour vos vacances.<\/h2>\n\t<div class=\"wpb_text_column wpb_content_element\" >\n\t\t<div class=\"wpb_wrapper\">\n\t\t\t<p style=\"text-align: justify;\">Sur la c\u00f4te sud de la Cr\u00e8te se trouve un petit village m\u00e9diterran\u00e9en, Myrthios, construit dans un style traditionnel sur les pentes de Kouroupa, offrant une magnifique vue panoramique sur la plage de Plakias, r\u00e9compens\u00e9e par un drapeau bleu. \u00c0 l'extr\u00e9mit\u00e9 ouest du village, vous trouverez les studios et les appartements Chrisanthi, qui offrent une vue magnifique sur le bleu profond de la mer de Libye, avec la possibilit\u00e9 de voir Gavdos et Gavdopoula lorsque le temps le permet. Notre entreprise offre les conditions id\u00e9ales pour le rajeunissement et la relaxation, combinant la montagne et la mer, afin de vous offrir des vacances agr\u00e9ables et anxiolytiques.<\/p>\n\n\t\t<\/div>\n\t<\/div>\n<\/div><\/div><\/div><div class=\"wpb_column vc_column_container vc_col-sm-6\"><div class=\"vc_column-inner\"><div class=\"wpb_wrapper\">\r\n\t<div  class=\"wpb_single_image wpb_content_element vc_align_right  wpb_animate_when_almost_visible wpb_fadeIn fadeIn vc_custom_1731839436137\">\r\n\t\t\r\n\t\t<figure class=\"wpb_wrapper vc_figure\">\r\n\t\t\t<div class=\"vc_single_image-wrapper img-wrapper   vc_box_border_grey\"><img loading=\"lazy\" decoding=\"async\" width=\"2048\" height=\"1373\" src=\"https:\/\/chrisanthi-mirthios.com\/wp-content\/uploads\/2024\/09\/IMG_1639.jpg\" class=\"vc_single_image-img attachment-full\" alt=\"Mirthios apartment, Plakias sea view\" title=\"IMG_1639\" srcset=\"https:\/\/chrisanthi-mirthios.com\/wp-content\/uploads\/2024\/09\/IMG_1639.jpg 2048w, https:\/\/chrisanthi-mirthios.com\/wp-content\/uploads\/2024\/09\/IMG_1639-300x201.jpg 300w, https:\/\/chrisanthi-mirthios.com\/wp-content\/uploads\/2024\/09\/IMG_1639-1024x687.jpg 1024w, https:\/\/chrisanthi-mirthios.com\/wp-content\/uploads\/2024\/09\/IMG_1639-768x515.jpg 768w, https:\/\/chrisanthi-mirthios.com\/wp-content\/uploads\/2024\/09\/IMG_1639-1536x1030.jpg 1536w, https:\/\/chrisanthi-mirthios.com\/wp-content\/uploads\/2024\/09\/IMG_1639-1144x767.jpg 1144w\" sizes=\"auto, (max-width: 2048px) 100vw, 2048px\" \/><\/div>\r\n\t\t<\/figure>\r\n\t<\/div>\r\n<\/div><\/div><\/div><\/div><div data-vc-full-width=\"true\" data-vc-full-width-init=\"false\" class=\"vc_row wpb_row vc_row-fluid vc_custom_1537989181048 vc_row-has-fill vc_column-gap-0\"><div class=\"wpb_column vc_column_container vc_col-sm-12\"><div class=\"vc_column-inner\"><div class=\"wpb_wrapper\"><div class=\"vc_row wpb_row vc_inner vc_row-fluid vc_custom_1537988042258 vc_row-has-fill vc_row-o-content-middle vc_row-flex\"><div class=\"wpb_column vc_column_container vc_col-sm-6\"><div class=\"vc_column-inner vc_custom_1537989443441\"><div class=\"wpb_wrapper\"><h2 style=\"color: #000000;text-align: center\" class=\"vc_custom_heading vc_custom_1727114144773\" >D\u00e9tente et intimit\u00e9<\/h2>\n\t<div class=\"wpb_text_column wpb_content_element\" >\n\t\t<div class=\"wpb_wrapper\">\n\t\t\t<p>Sur un terrain de 2000m\u00b2, le Chrisanthi-Mirthios est \u00e0 l'\u00e9cart des zones anim\u00e9es, avec intimit\u00e9, et avec une r\u00e9ception pour accueillir chaleureusement nos clients. \u00c0 l'avant, un grand jardin permet aux clients de profiter de la vue panoramique sur les tables en bois ou sur les chaises allong\u00e9es sur l'herbe, parmi les fleurs et les plantes \u00e0 massifs, offertes pour le plaisir des jeunes et des moins jeunes. Un parking priv\u00e9 a \u00e9t\u00e9 am\u00e9nag\u00e9 \u00e0 gauche du b\u00e2timent.<br \/>\nIl existe trois cat\u00e9gories de chambres en fonction du nombre de visiteurs :<\/p>\n<ul>\n<li>Studios (25m\u00b2) pouvant accueillir 2-3 personnes<\/li>\n<li>Appartements Junior (50m\u00b2) pour 2-4 personnes<\/li>\n<li>Appartements (75m\u00b2) pouvant accueillir jusqu'\u00e0 6 personnes<\/li>\n<\/ul>\n\n\t\t<\/div>\n\t<\/div>\n<span  id=\"wofcb-6\" class=\"ozy-custom_button_w\"><a id=\"ofcb-6\" style=\"--data-bordercolor:#c19b76\" class=\"ozy-custom_button ocbtn-1\"  href=\"\/index.php\/accommodations\/\"  target=\"_self\" >H\u00c9BERGEMENTS<\/a><\/span><\/div><\/div><\/div><div class=\"wpb_column vc_column_container vc_col-sm-6\"><div class=\"vc_column-inner vc_custom_1537987996656\"><div class=\"wpb_wrapper\">\r\n\t<div  class=\"wpb_single_image wpb_content_element vc_align_center  wpb_animate_when_almost_visible wpb_fadeIn fadeIn vc_custom_1727113810534\">\r\n\t\t\r\n\t\t<figure class=\"wpb_wrapper vc_figure\">\r\n\t\t\t<div class=\"vc_single_image-wrapper img-wrapper   vc_box_border_grey\"><img loading=\"lazy\" decoding=\"async\" width=\"940\" height=\"530\" src=\"https:\/\/chrisanthi-mirthios.com\/wp-content\/uploads\/2024\/09\/slide-1-1.jpg\" class=\"vc_single_image-img attachment-full\" alt=\"Chrisanthi sea view\" title=\"Chrisanthi vue mer\" srcset=\"https:\/\/chrisanthi-mirthios.com\/wp-content\/uploads\/2024\/09\/slide-1-1.jpg 940w, https:\/\/chrisanthi-mirthios.com\/wp-content\/uploads\/2024\/09\/slide-1-1-300x169.jpg 300w, https:\/\/chrisanthi-mirthios.com\/wp-content\/uploads\/2024\/09\/slide-1-1-768x433.jpg 768w\" sizes=\"auto, (max-width: 940px) 100vw, 940px\" \/><\/div>\r\n\t\t<\/figure>\r\n\t<\/div>\r\n<\/div><\/div><\/div><\/div><div class=\"vc_row wpb_row vc_inner vc_row-fluid vc_custom_1537988042258 vc_row-has-fill vc_row-o-content-middle vc_row-flex\"><div class=\"wpb_column vc_column_container vc_col-sm-6\"><div class=\"vc_column-inner vc_custom_1537988850850\"><div class=\"wpb_wrapper\">\r\n\t<div  class=\"wpb_single_image wpb_content_element vc_align_center  wpb_animate_when_almost_visible wpb_fadeIn fadeIn vc_custom_1731657202806\">\r\n\t\t\r\n\t\t<figure class=\"wpb_wrapper vc_figure\">\r\n\t\t\t<div class=\"vc_single_image-wrapper img-wrapper   vc_box_border_grey\"><img loading=\"lazy\" decoding=\"async\" width=\"2560\" height=\"1920\" src=\"https:\/\/chrisanthi-mirthios.com\/wp-content\/uploads\/2024\/09\/IMG_1601-scaled.jpg\" class=\"vc_single_image-img attachment-full\" alt=\"Chrisanthi, Sea view, Plakias, Studio\" title=\"IMG_1601\" srcset=\"https:\/\/chrisanthi-mirthios.com\/wp-content\/uploads\/2024\/09\/IMG_1601-scaled.jpg 2560w, https:\/\/chrisanthi-mirthios.com\/wp-content\/uploads\/2024\/09\/IMG_1601-300x225.jpg 300w, https:\/\/chrisanthi-mirthios.com\/wp-content\/uploads\/2024\/09\/IMG_1601-1024x768.jpg 1024w, https:\/\/chrisanthi-mirthios.com\/wp-content\/uploads\/2024\/09\/IMG_1601-768x576.jpg 768w, https:\/\/chrisanthi-mirthios.com\/wp-content\/uploads\/2024\/09\/IMG_1601-1536x1152.jpg 1536w, https:\/\/chrisanthi-mirthios.com\/wp-content\/uploads\/2024\/09\/IMG_1601-2048x1536.jpg 2048w, https:\/\/chrisanthi-mirthios.com\/wp-content\/uploads\/2024\/09\/IMG_1601-1144x858.jpg 1144w\" sizes=\"auto, (max-width: 2560px) 100vw, 2560px\" \/><\/div>\r\n\t\t<\/figure>\r\n\t<\/div>\r\n<\/div><\/div><\/div><div class=\"wpb_column vc_column_container vc_col-sm-6\"><div class=\"vc_column-inner vc_custom_1537989436882\"><div class=\"wpb_wrapper\"><h2 style=\"color: #000000;text-align: center\" class=\"vc_custom_heading vc_custom_1731306496487\" >Confort du sommeil<\/h2>\n\t<div class=\"wpb_text_column wpb_content_element\" >\n\t\t<div class=\"wpb_wrapper\">\n\t\t\t<p style=\"text-align: justify;\">Tous les appartements sont lumineux et a\u00e9r\u00e9s, pour un s\u00e9jour agr\u00e9able et joyeux. Les balcons des chambres sont ombrag\u00e9s avec leur propre mobilier et des chaises sur lesquelles vous pouvez profiter de la vue spectaculaire sur la mer d'azur. Toutes les typologies de chambres disposent d'une cuisine enti\u00e8rement \u00e9quip\u00e9e avec r\u00e9frig\u00e9rateur, Wi-Fi, chauffage central, air conditionn\u00e9, fer \u00e0 repasser et s\u00e8che-cheveux.  En ce qui concerne le nettoyage, les ordures sont ramass\u00e9es tous les jours et le nettoyage g\u00e9n\u00e9ral est effectu\u00e9 tous les trois jours. Les couches sont anatomiques et ont la firme COCO-MAT. Conform\u00e9ment \u00e0 la loi et pour la s\u00e9curit\u00e9 des h\u00f4tes, il y a des extincteurs dans les endroits pr\u00e9vus par la loi.<\/p>\n\n\t\t<\/div>\n\t<\/div>\n<span  id=\"wofcb-7\" class=\"ozy-custom_button_w\"><a id=\"ofcb-7\" style=\"--data-bordercolor:#c19b76\" class=\"ozy-custom_button ocbtn-1\"  href=\"\/fr\/accommodations\/\"  target=\"_self\" >R\u00c9SERVEZ MAINTENANT<\/a><\/span><\/div><\/div><\/div><\/div><\/div><\/div><\/div><\/div><div class=\"vc_row-full-width vc_clearfix\"><\/div><div id=\"rooms\" data-vc-full-width=\"true\" data-vc-full-width-init=\"false\" data-vc-stretch-content=\"true\" class=\"vc_row wpb_row vc_row-fluid vc_custom_1542928222647 vc_column-gap-0 vc_row-no-padding\"><div class=\"wpb_column vc_column_container vc_col-sm-12\"><div class=\"vc_column-inner\"><div class=\"wpb_wrapper\"><p style=\"color: #c19b76;text-align: center\" class=\"vc_custom_heading\" ><\/p><h2 style=\"text-align: center\" class=\"vc_custom_heading vc_custom_1729933760153\" >Chambres avec Vue Panoramique sur la Mer<\/h2><div id=\"ovd-8\" class=\"ozy-vertical_divider wpb_content_element\"><span class=\"h6-size heading-font\"><\/span><\/div><div id=\"hero-post-slides-9\" class=\"hero-post-slides\">\t<div class=\"slides-cont\">\t\t<div class=\"slides wpb_content_element carousel\" data-flickity='{\"groupCells\": \"80%\", \"pageDots\": false, \"imagesLoaded\": true,  \"autoPlay\": false, \"pauseAutoPlayOnHover\": true, \"prevNextButtons\": true, \"cellAlign\": \"center\" }'><div class=\"slide carousel-cell\" style=\"background-image: url(data:image\/png;base64,R0lGODlhAQABAAD\/ACwAAAAAAQABAAACADs=);\" data-bgsrc=\"https:\/\/chrisanthi-mirthios.com\/wp-content\/uploads\/2024\/09\/IMG_1598-edited-1144x717.png\">\t<div class=\"number\">01<\/div>\t<div class=\"body\">\t\t<div class=\"location\">Studios du premier \u00e9tage<\/div>\t\t<div class=\"headline heading-font-family\">Studio au premier \u00e9tage<\/div>\t\t<a href=\"https:\/\/chrisanthi-mirthios.com\/fr\/accommodation\/first-floor-studio\/\" target=\"_self\"><span class=\"link ozy-button auto\">Voir plus<\/span><\/a>\t<\/div><\/div><div class=\"slide carousel-cell\" style=\"background-image: url(data:image\/png;base64,R0lGODlhAQABAAD\/ACwAAAAAAQABAAACADs=);\" data-bgsrc=\"https:\/\/chrisanthi-mirthios.com\/wp-content\/uploads\/2024\/09\/IMG_0182-1144x858.jpg\">\t<div class=\"number\">02<\/div>\t<div class=\"body\">\t\t<div class=\"location\">Studios au rez-de-chauss\u00e9e<\/div>\t\t<div class=\"headline heading-font-family\">Studio au rez de chauss\u00e9e<\/div>\t\t<a href=\"https:\/\/chrisanthi-mirthios.com\/fr\/accommodation\/ground-floor-studio\/\" target=\"_self\"><span class=\"link ozy-button auto\">Voir plus<\/span><\/a>\t<\/div><\/div><div class=\"slide carousel-cell\" style=\"background-image: url(data:image\/png;base64,R0lGODlhAQABAAD\/ACwAAAAAAQABAAACADs=);\" data-bgsrc=\"https:\/\/chrisanthi-mirthios.com\/wp-content\/uploads\/2024\/09\/IMG_0138-1144x858.jpg\">\t<div class=\"number\">03<\/div>\t<div class=\"body\">\t\t<div class=\"location\">Appartement Junior<\/div>\t\t<div class=\"headline heading-font-family\">Appartement Junior<\/div>\t\t<a href=\"https:\/\/chrisanthi-mirthios.com\/fr\/accommodation\/junior-apartment\/\" target=\"_self\"><span class=\"link ozy-button auto\">Voir plus<\/span><\/a>\t<\/div><\/div><div class=\"slide carousel-cell\" style=\"background-image: url(data:image\/png;base64,R0lGODlhAQABAAD\/ACwAAAAAAQABAAACADs=);\" data-bgsrc=\"https:\/\/chrisanthi-mirthios.com\/wp-content\/uploads\/2024\/09\/IMG_0200-1144x858.jpg\">\t<div class=\"number\">04<\/div>\t<div class=\"body\">\t\t<div class=\"location\">Appartement pour quatre personnes<\/div>\t\t<div class=\"headline heading-font-family\">Appartement pour quatre personnes<\/div>\t\t<a href=\"https:\/\/chrisanthi-mirthios.com\/fr\/accommodation\/four-persons-apartment\/\" target=\"_self\"><span class=\"link ozy-button auto\">Voir plus<\/span><\/a>\t<\/div><\/div>\t\t<\/div>\t<\/div><\/div><\/div><\/div><\/div><\/div><div class=\"vc_row-full-width vc_clearfix\"><\/div>\n<\/div>","protected":false},"excerpt":{"rendered":"Avec une cuisine enti\u00e8rement \u00e9quip\u00e9e dot\u00e9e d'un r\u00e9frig\u00e9rateur pour faciliter la pr\u00e9paration de toute nourriture ou boisson (cafeti\u00e8re, centrifugeuse, bouilloire, casseroles). De plus, un acc\u00e8s Internet haut d\u00e9bit ADSL est disponible [\u2026]","protected":false},"author":1,"featured_media":0,"parent":0,"menu_order":0,"comment_status":"closed","ping_status":"closed","template":"page-transparent-menu.php","meta":{"footnotes":""},"class_list":["post-1868","page","type-page","status-publish","hentry","has_thumb",null],"_links":{"self":[{"href":"https:\/\/chrisanthi-mirthios.com\/fr\/wp-json\/wp\/v2\/pages\/1868","targetHints":{"allow":["GET"]}}],"collection":[{"href":"https:\/\/chrisanthi-mirthios.com\/fr\/wp-json\/wp\/v2\/pages"}],"about":[{"href":"https:\/\/chrisanthi-mirthios.com\/fr\/wp-json\/wp\/v2\/types\/page"}],"author":[{"embeddable":true,"href":"https:\/\/chrisanthi-mirthios.com\/fr\/wp-json\/wp\/v2\/users\/1"}],"replies":[{"embeddable":true,"href":"https:\/\/chrisanthi-mirthios.com\/fr\/wp-json\/wp\/v2\/comments?post=1868"}],"version-history":[{"count":25,"href":"https:\/\/chrisanthi-mirthios.com\/fr\/wp-json\/wp\/v2\/pages\/1868\/revisions"}],"predecessor-version":[{"id":2361,"href":"https:\/\/chrisanthi-mirthios.com\/fr\/wp-json\/wp\/v2\/pages\/1868\/revisions\/2361"}],"wp:attachment":[{"href":"https:\/\/chrisanthi-mirthios.com\/fr\/wp-json\/wp\/v2\/media?parent=1868"}],"curies":[{"name":"wp","href":"https:\/\/api.w.org\/{rel}","templated":true}]}}