{"id":1122,"date":"2018-10-17T18:56:25","date_gmt":"2018-10-17T18:56:25","guid":{"rendered":"https:\/\/sunway.freevision.me\/?page_id=1122"},"modified":"2024-09-25T19:17:03","modified_gmt":"2024-09-25T19:17:03","slug":"stay","status":"publish","type":"page","link":"https:\/\/chrisanthi-mirthios.com\/fr\/stay\/","title":{"rendered":"S\u00c9JOUR"},"content":{"rendered":"<div class=\"wpb-content-wrapper\"><div class=\"vc_row wpb_row vc_row-fluid vc_column-gap-0\"><div class=\"wpb_column vc_column_container vc_col-sm-12\"><div class=\"vc_column-inner\"><div class=\"wpb_wrapper\"><h2 style=\"text-align: center\" class=\"vc_custom_heading\" >Nos h\u00e9bergements<\/h2><div id=\"ovd-1\" class=\"ozy-vertical_divider wpb_content_element\"><span class=\"h6-size heading-font\"><\/span><\/div><div id=\"hero-post-slides-2\" class=\"hero-post-slides\">\t<div class=\"slides-cont\">\t\t<div class=\"slides wpb_content_element carousel\" data-flickity='{\"groupCells\": \"80%\", \"pageDots\": false, \"imagesLoaded\": true,  \"autoPlay\": false, \"pauseAutoPlayOnHover\": true, \"prevNextButtons\": true, \"cellAlign\": \"center\" }'><div class=\"slide carousel-cell\" style=\"background-image: url(data:image\/png;base64,R0lGODlhAQABAAD\/ACwAAAAAAQABAAACADs=);\" data-bgsrc=\"https:\/\/chrisanthi-mirthios.com\/wp-content\/uploads\/2024\/09\/IMG_1598-edited-1144x717.png\">\t<div class=\"number\">01<\/div>\t<div class=\"body\">\t\t<div class=\"location\">Studios du premier \u00e9tage<\/div>\t\t<div class=\"headline heading-font-family\">Studio au premier \u00e9tage<\/div>\t\t<a href=\"https:\/\/chrisanthi-mirthios.com\/fr\/accommodation\/first-floor-studio\/\" target=\"_self\"><span class=\"link ozy-button auto\">Voir plus<\/span><\/a>\t<\/div><\/div><div class=\"slide carousel-cell\" style=\"background-image: url(data:image\/png;base64,R0lGODlhAQABAAD\/ACwAAAAAAQABAAACADs=);\" data-bgsrc=\"https:\/\/chrisanthi-mirthios.com\/wp-content\/uploads\/2024\/09\/IMG_0182-1144x858.jpg\">\t<div class=\"number\">02<\/div>\t<div class=\"body\">\t\t<div class=\"location\">Studios au rez-de-chauss\u00e9e<\/div>\t\t<div class=\"headline heading-font-family\">Studio au rez de chauss\u00e9e<\/div>\t\t<a href=\"https:\/\/chrisanthi-mirthios.com\/fr\/accommodation\/ground-floor-studio\/\" target=\"_self\"><span class=\"link ozy-button auto\">Voir plus<\/span><\/a>\t<\/div><\/div><div class=\"slide carousel-cell\" style=\"background-image: url(data:image\/png;base64,R0lGODlhAQABAAD\/ACwAAAAAAQABAAACADs=);\" data-bgsrc=\"https:\/\/chrisanthi-mirthios.com\/wp-content\/uploads\/2024\/09\/IMG_0138-1144x858.jpg\">\t<div class=\"number\">03<\/div>\t<div class=\"body\">\t\t<div class=\"location\">Appartement Junior<\/div>\t\t<div class=\"headline heading-font-family\">Appartement Junior<\/div>\t\t<a href=\"https:\/\/chrisanthi-mirthios.com\/fr\/accommodation\/junior-apartment\/\" target=\"_self\"><span class=\"link ozy-button auto\">Voir plus<\/span><\/a>\t<\/div><\/div><div class=\"slide carousel-cell\" style=\"background-image: url(data:image\/png;base64,R0lGODlhAQABAAD\/ACwAAAAAAQABAAACADs=);\" data-bgsrc=\"https:\/\/chrisanthi-mirthios.com\/wp-content\/uploads\/2024\/09\/IMG_0200-1144x858.jpg\">\t<div class=\"number\">04<\/div>\t<div class=\"body\">\t\t<div class=\"location\">Appartement pour quatre personnes<\/div>\t\t<div class=\"headline heading-font-family\">Appartement pour quatre personnes<\/div>\t\t<a href=\"https:\/\/chrisanthi-mirthios.com\/fr\/accommodation\/four-persons-apartment\/\" target=\"_self\"><span class=\"link ozy-button auto\">Voir plus<\/span><\/a>\t<\/div><\/div>\t\t<\/div>\t<\/div><\/div><div class=\"vc_separator wpb_content_element vc_separator_align_center vc_sep_width_40 vc_sep_pos_align_center vc_separator_no_text vc_sep_color_white wpb_content_element  wpb_content_element\" ><span class=\"vc_sep_holder vc_sep_holder_l\"><span class=\"vc_sep_line\"><\/span><\/span><span class=\"vc_sep_holder vc_sep_holder_r\"><span class=\"vc_sep_line\"><\/span><\/span>\n<\/div><\/div><\/div><\/div><\/div>\n<\/div>","protected":false},"excerpt":{"rendered":"Avec une cuisine enti\u00e8rement \u00e9quip\u00e9e dot\u00e9e d'un r\u00e9frig\u00e9rateur pour faciliter la pr\u00e9paration de toute nourriture ou boisson (cafeti\u00e8re, centrifugeuse, bouilloire, casseroles). De plus, un acc\u00e8s Internet haut d\u00e9bit ADSL est disponible [\u2026]","protected":false},"author":1,"featured_media":0,"parent":0,"menu_order":0,"comment_status":"closed","ping_status":"closed","template":"","meta":{"footnotes":""},"class_list":["post-1122","page","type-page","status-publish","hentry","has_thumb",null],"_links":{"self":[{"href":"https:\/\/chrisanthi-mirthios.com\/fr\/wp-json\/wp\/v2\/pages\/1122","targetHints":{"allow":["GET"]}}],"collection":[{"href":"https:\/\/chrisanthi-mirthios.com\/fr\/wp-json\/wp\/v2\/pages"}],"about":[{"href":"https:\/\/chrisanthi-mirthios.com\/fr\/wp-json\/wp\/v2\/types\/page"}],"author":[{"embeddable":true,"href":"https:\/\/chrisanthi-mirthios.com\/fr\/wp-json\/wp\/v2\/users\/1"}],"replies":[{"embeddable":true,"href":"https:\/\/chrisanthi-mirthios.com\/fr\/wp-json\/wp\/v2\/comments?post=1122"}],"version-history":[{"count":2,"href":"https:\/\/chrisanthi-mirthios.com\/fr\/wp-json\/wp\/v2\/pages\/1122\/revisions"}],"predecessor-version":[{"id":2113,"href":"https:\/\/chrisanthi-mirthios.com\/fr\/wp-json\/wp\/v2\/pages\/1122\/revisions\/2113"}],"wp:attachment":[{"href":"https:\/\/chrisanthi-mirthios.com\/fr\/wp-json\/wp\/v2\/media?parent=1122"}],"curies":[{"name":"wp","href":"https:\/\/api.w.org\/{rel}","templated":true}]}}