{"id":1066,"date":"2018-10-10T18:37:20","date_gmt":"2018-10-10T18:37:20","guid":{"rendered":"https:\/\/sunway.freevision.me\/?page_id=1066"},"modified":"2024-10-06T11:17:18","modified_gmt":"2024-10-06T11:17:18","slug":"t-t-d","status":"publish","type":"page","link":"https:\/\/chrisanthi-mirthios.com\/fr\/t-t-d\/","title":{"rendered":"ACTIVIT\u00c9S"},"content":{"rendered":"<div class=\"wpb-content-wrapper\"><div data-vc-full-width=\"true\" data-vc-full-width-init=\"false\" data-vc-parallax=\"1.5\" data-vc-parallax-image=\"https:\/\/chrisanthi-mirthios.com\/wp-content\/uploads\/2024\/10\/triopetra.png\" class=\"vc_row wpb_row vc_row-fluid vc_custom_1728213436061 vc_row-has-fill vc_column-gap-0 vc_row-o-content-middle vc_row-flex vc_general vc_parallax vc_parallax-content-moving\"><div class=\"wpb_column vc_column_container vc_col-sm-12\"><div class=\"vc_column-inner\"><div class=\"wpb_wrapper\"><h1 style=\"color: #ffffff;text-align: center;font-family:Playfair Display;font-weight:400;font-style:normal\" class=\"vc_custom_heading\" ><\/h1><h4 style=\"color: #c19b76;text-align: center;font-family:Playfair Display;font-weight:400;font-style:italic\" class=\"vc_custom_heading\" ><\/h4><\/div><\/div><\/div><\/div><div class=\"vc_row-full-width vc_clearfix\"><\/div><div class=\"vc_row wpb_row vc_row-fluid vc_custom_1543003836186 vc_column-gap-0\"><div class=\"wpb_column vc_column_container vc_col-sm-12\"><div class=\"vc_column-inner\"><div class=\"wpb_wrapper\"><h2 style=\"text-align: center\" class=\"vc_custom_heading vc_custom_1726997437235\" >Choses \u00e0 faire dans les environs<\/h2><div class=\"vc_row wpb_row vc_inner vc_row-fluid vc_custom_1543003651066\"><div class=\"wpb_column vc_column_container vc_col-sm-6\"><div class=\"vc_column-inner\"><div class=\"wpb_wrapper\">\r\n\t<div  class=\"wpb_single_image wpb_content_element vc_align_center\">\r\n\t\t\r\n\t\t<figure class=\"wpb_wrapper vc_figure\">\r\n\t\t\t<div class=\"vc_single_image-wrapper img-wrapper   vc_box_border_grey\"><img loading=\"lazy\" decoding=\"async\" width=\"736\" height=\"548\" src=\"https:\/\/chrisanthi-mirthios.com\/wp-content\/uploads\/2024\/10\/header-3.png\" class=\"vc_single_image-img attachment-full\" alt=\"\" title=\"en-t\u00eate-3\" srcset=\"https:\/\/chrisanthi-mirthios.com\/wp-content\/uploads\/2024\/10\/header-3.png 736w, https:\/\/chrisanthi-mirthios.com\/wp-content\/uploads\/2024\/10\/header-3-300x223.png 300w\" sizes=\"auto, (max-width: 736px) 100vw, 736px\" \/><\/div>\r\n\t\t<\/figure>\r\n\t<\/div>\r\n<div id=\"oabx-1\" style=\"--data-bgcolor:rgba(0,0,0,0.7)\" class=\"ozy-arrow_box arrow-TOP\"><\/p>\n<h4 style=\"text-align: center;\">Village de Plakias<\/h4>\n<p>La belle plage qui peut accueillir les visiteurs des Studios and Apartments Chrisanthi est la plage orientale du village baln\u00e9aire de Plakias qui s'\u00e9tend de l'autre c\u00f4t\u00e9 de la baie jusqu'\u00e0 la r\u00e9gion de Paligkremnos.<\/p>\n<p>Plakias, la ville principale de la r\u00e9gion, offre tous les services de base tels que des pharmacies, des m\u00e9decins, des magasins, des services de bus et de taxi, une petite biblioth\u00e8que, un distributeur automatique de billets et de nombreux caf\u00e9s et restaurants.<\/p>\n<p>Depuis Plakias, vous pouvez \u00e9galement organiser des excursions avec des agences de voyage vers d'importants sites d'int\u00e9r\u00eat autour de l'\u00eele de Cr\u00e8te, tels que les gorges de Samaria, Aradena, Knossos, etc.<span  id=\"wofcb-2\" class=\"ozy-custom_button_w\"><a id=\"ofcb-2\" style=\"--data-bordercolor:#000000\" class=\"ozy-custom_button ocbtn-1\"  href=\"#\"  target=\"_self\" >EN SAVOIR PLUS<\/a><\/span><\/div><div class=\"vc_empty_space\"   style=\"height: 30px\"><span class=\"vc_empty_space_inner\"><\/span><\/div>\r\n\t<div  class=\"wpb_single_image wpb_content_element vc_align_center\">\r\n\t\t\r\n\t\t<figure class=\"wpb_wrapper vc_figure\">\r\n\t\t\t<div class=\"vc_single_image-wrapper img-wrapper   vc_box_border_grey\"><img loading=\"lazy\" decoding=\"async\" width=\"655\" height=\"530\" src=\"https:\/\/chrisanthi-mirthios.com\/wp-content\/uploads\/2024\/10\/collage-activities.png\" class=\"vc_single_image-img attachment-full\" alt=\"\" title=\"collage-activit\u00e9s\" srcset=\"https:\/\/chrisanthi-mirthios.com\/wp-content\/uploads\/2024\/10\/collage-activities.png 655w, https:\/\/chrisanthi-mirthios.com\/wp-content\/uploads\/2024\/10\/collage-activities-300x243.png 300w\" sizes=\"auto, (max-width: 655px) 100vw, 655px\" \/><\/div>\r\n\t\t<\/figure>\r\n\t<\/div>\r\n<div id=\"oabx-3\" style=\"--data-bgcolor:rgba(0,0,0,0.7)\" class=\"ozy-arrow_box arrow-TOP\"><\/p>\n<h4 style=\"text-align: center;\">Activit\u00e9s<\/h4>\n<p>Dans la r\u00e9gion de Plakias et ses environs, vous pourrez d\u00e9couvrir une grande vari\u00e9t\u00e9 d'activit\u00e9s qui vous permettront d'explorer la beaut\u00e9 de la r\u00e9gion et de vous d\u00e9tendre l'esprit et l'\u00e2me.<\/p>\n<p>La belle r\u00e9gion du sud de Rethimno contient un grand nombre de petits sentiers reliant les montagnes, les vieilles \u00e9glises et les villages. La vari\u00e9t\u00e9 des plages et des destinations baln\u00e9aires permet \u00e9galement de poursuivre l'exploration par le biais d'excursions en bateau et de la plong\u00e9e.<\/p>\n<p>\u00c0 Plakias et dans les environs, vous trouverez des randonn\u00e9es organis\u00e9es, des centres de plong\u00e9e, des excursions en bateau, de l'\u00e9quitation, des centres de spa, du yoga, des \u00e9v\u00e9nements musicaux, des sports nautiques sur la plage ou m\u00eame des entra\u00eeneurs personnels.<span  id=\"wofcb-4\" class=\"ozy-custom_button_w\"><a id=\"ofcb-4\" style=\"--data-bordercolor:#000000\" class=\"ozy-custom_button ocbtn-1\"  href=\"#\"  target=\"_self\" >EN SAVOIR PLUS<\/a><\/span><\/div><div class=\"vc_empty_space\"   style=\"height: 30px\"><span class=\"vc_empty_space_inner\"><\/span><\/div>\r\n\t<div  class=\"wpb_single_image wpb_content_element vc_align_center\">\r\n\t\t\r\n\t\t<figure class=\"wpb_wrapper vc_figure\">\r\n\t\t\t<div class=\"vc_single_image-wrapper img-wrapper   vc_box_border_grey\"><img loading=\"lazy\" decoding=\"async\" width=\"600\" height=\"398\" src=\"https:\/\/chrisanthi-mirthios.com\/wp-content\/uploads\/2024\/09\/ammoudi3.jpg\" class=\"vc_single_image-img attachment-full\" alt=\"\" title=\"ammoudi3\" srcset=\"https:\/\/chrisanthi-mirthios.com\/wp-content\/uploads\/2024\/09\/ammoudi3.jpg 600w, https:\/\/chrisanthi-mirthios.com\/wp-content\/uploads\/2024\/09\/ammoudi3-300x199.jpg 300w\" sizes=\"auto, (max-width: 600px) 100vw, 600px\" \/><\/div>\r\n\t\t<\/figure>\r\n\t<\/div>\r\n<div id=\"oabx-5\" style=\"--data-bgcolor:rgba(0,0,0,0.7)\" class=\"ozy-arrow_box arrow-TOP\"><\/p>\n<h4 style=\"text-align: center;\">Plage d'Ammoudi<\/h4>\n<p>La plage d'Amoudi est une magnifique plage de sable \u00e0 7,6 kilom\u00e8tres \u00e0 l'est de la station baln\u00e9aire de Plakias et \u00e0 10 minutes de marche de la plage de Damnoni, bien \u00e0 l'abri des vents.<\/p>\n<p>Une petite plage (juste \u00e0 l'ext\u00e9rieur du village de Lefkogeia) avec du sable blanc grossier, des eaux claires et des fonds rocheux de couleur verd\u00e2tre. Les arbres adjacents offrent de l'ombre et la possibilit\u00e9 de camper.<span  id=\"wofcb-6\" class=\"ozy-custom_button_w\"><a id=\"ofcb-6\" style=\"--data-bordercolor:#000000\" class=\"ozy-custom_button ocbtn-1\"  href=\"#\"  target=\"_self\" >EN SAVOIR PLUS<\/a><\/span><\/div><div class=\"vc_empty_space\"   style=\"height: 30px\"><span class=\"vc_empty_space_inner\"><\/span><\/div>\r\n\t<div  class=\"wpb_single_image wpb_content_element vc_align_center\">\r\n\t\t\r\n\t\t<figure class=\"wpb_wrapper vc_figure\">\r\n\t\t\t<div class=\"vc_single_image-wrapper img-wrapper   vc_box_border_grey\"><img loading=\"lazy\" decoding=\"async\" width=\"600\" height=\"314\" src=\"https:\/\/chrisanthi-mirthios.com\/wp-content\/uploads\/2024\/09\/ammoudaki1.jpg\" class=\"vc_single_image-img attachment-full\" alt=\"\" title=\"ammoudaki1\" srcset=\"https:\/\/chrisanthi-mirthios.com\/wp-content\/uploads\/2024\/09\/ammoudaki1.jpg 600w, https:\/\/chrisanthi-mirthios.com\/wp-content\/uploads\/2024\/09\/ammoudaki1-300x157.jpg 300w\" sizes=\"auto, (max-width: 600px) 100vw, 600px\" \/><\/div>\r\n\t\t<\/figure>\r\n\t<\/div>\r\n<div id=\"oabx-7\" style=\"--data-bgcolor:rgba(0,0,0,0.7)\" class=\"ozy-arrow_box arrow-TOP\"><\/p>\n<h4 style=\"text-align: center;\">Plage d'Ammoudaki<\/h4>\n<p>Plage am\u00e9nag\u00e9e avec des installations pour l'h\u00e9bergement, la restauration et la baignade (chaises de plage, parasols, sports nautiques). C'est un choix tr\u00e8s populaire pour les baigneurs qui veulent nager et bronzer nus. En raison de sa popularit\u00e9 et de sa petite taille, elle est tr\u00e8s fr\u00e9quent\u00e9e, surtout pendant les mois de pointe.<span  id=\"wofcb-8\" class=\"ozy-custom_button_w\"><a id=\"ofcb-8\" style=\"--data-bordercolor:#000000\" class=\"ozy-custom_button ocbtn-1\"  href=\"#\"  target=\"_self\" >EN SAVOIR PLUS<\/a><\/span><\/div><\/div><\/div><\/div><div class=\"wpb_column vc_column_container vc_col-sm-6\"><div class=\"vc_column-inner\"><div class=\"wpb_wrapper\">\r\n\t<div  class=\"wpb_single_image wpb_content_element vc_align_center\">\r\n\t\t\r\n\t\t<figure class=\"wpb_wrapper vc_figure\">\r\n\t\t\t<div class=\"vc_single_image-wrapper img-wrapper   vc_box_border_grey\"><img loading=\"lazy\" decoding=\"async\" width=\"665\" height=\"604\" src=\"https:\/\/chrisanthi-mirthios.com\/wp-content\/uploads\/2024\/10\/collage-preveli.png\" class=\"vc_single_image-img attachment-full\" alt=\"\" title=\"collage-preveli\" srcset=\"https:\/\/chrisanthi-mirthios.com\/wp-content\/uploads\/2024\/10\/collage-preveli.png 665w, https:\/\/chrisanthi-mirthios.com\/wp-content\/uploads\/2024\/10\/collage-preveli-300x272.png 300w\" sizes=\"auto, (max-width: 665px) 100vw, 665px\" \/><\/div>\r\n\t\t<\/figure>\r\n\t<\/div>\r\n<div id=\"oabx-9\" style=\"--data-bgcolor:rgba(0,0,0,0.7)\" class=\"ozy-arrow_box arrow-TOP\"><\/p>\n<h4 style=\"text-align: center;\">Plage et monast\u00e8re de Preveli Palm Beach<\/h4>\n<p>La r\u00e9gion du \"lac Preveli\" est situ\u00e9e au sud de l'\u00eele de Cr\u00e8te, \u00e0 quelques kilom\u00e8tres seulement \u00e0 l'est de la r\u00e9gion de Plakias. Le paysage \u00e9tonnant commence par l'imposante gorge de Kourtaliotiko o\u00f9 se trouvent les sources d'eau de Saint-Nicolas, qui l'alimentent en eau tout au long de l'ann\u00e9e.<\/p>\n<p>\u00c9glises et monast\u00e8res, ponts de pierre et moulins t\u00e9moignent du contexte historique et culturel de ce lieu. Il est situ\u00e9 pr\u00e8s du monast\u00e8re de Preveli et pour visiter la plage il faut quelques minutes de descente de la montagne.<br \/>\nC'est l\u00e0 que se jette la Grande Rivi\u00e8re et sur ses rives, les palmiers dominent.<\/div><div class=\"vc_empty_space\"   style=\"height: 30px\"><span class=\"vc_empty_space_inner\"><\/span><\/div>\r\n\t<div  class=\"wpb_single_image wpb_content_element vc_align_center\">\r\n\t\t\r\n\t\t<figure class=\"wpb_wrapper vc_figure\">\r\n\t\t\t<div class=\"vc_single_image-wrapper img-wrapper   vc_box_border_grey\"><img loading=\"lazy\" decoding=\"async\" width=\"600\" height=\"450\" src=\"https:\/\/chrisanthi-mirthios.com\/wp-content\/uploads\/2024\/09\/damnoni3.jpg\" class=\"vc_single_image-img attachment-full\" alt=\"\" title=\"damnoni3\" srcset=\"https:\/\/chrisanthi-mirthios.com\/wp-content\/uploads\/2024\/09\/damnoni3.jpg 600w, https:\/\/chrisanthi-mirthios.com\/wp-content\/uploads\/2024\/09\/damnoni3-300x225.jpg 300w\" sizes=\"auto, (max-width: 600px) 100vw, 600px\" \/><\/div>\r\n\t\t<\/figure>\r\n\t<\/div>\r\n<div id=\"oabx-10\" style=\"--data-bgcolor:rgba(0,0,0,0.7)\" class=\"ozy-arrow_box arrow-TOP\"><\/p>\n<h4 style=\"text-align: center;\">Plage de Damnoni<\/h4>\n<p>Une autre plage de sable organis\u00e9e se trouve \u00e0 une courte distance en voiture de Plakias. Elle est recommand\u00e9e aux bons nageurs, car la mer s'enfonce rapidement.<\/p>\n<p>Les visiteurs peuvent d\u00eener dans des restaurants r\u00e9put\u00e9s sur le front de mer.<span  id=\"wofcb-11\" class=\"ozy-custom_button_w\"><a id=\"ofcb-11\" style=\"--data-bordercolor:#000000\" class=\"ozy-custom_button ocbtn-1\"  href=\"#\"  target=\"_self\" >EN SAVOIR PLUS<\/a><\/span><\/div><div class=\"vc_empty_space\"   style=\"height: 30px\"><span class=\"vc_empty_space_inner\"><\/span><\/div>\r\n\t<div  class=\"wpb_single_image wpb_content_element vc_align_center\">\r\n\t\t\r\n\t\t<figure class=\"wpb_wrapper vc_figure\">\r\n\t\t\t<div class=\"vc_single_image-wrapper img-wrapper   vc_box_border_grey\"><img loading=\"lazy\" decoding=\"async\" width=\"600\" height=\"451\" src=\"https:\/\/chrisanthi-mirthios.com\/wp-content\/uploads\/2024\/09\/souda6.jpg\" class=\"vc_single_image-img attachment-full\" alt=\"\" title=\"souda6\" srcset=\"https:\/\/chrisanthi-mirthios.com\/wp-content\/uploads\/2024\/09\/souda6.jpg 600w, https:\/\/chrisanthi-mirthios.com\/wp-content\/uploads\/2024\/09\/souda6-300x226.jpg 300w\" sizes=\"auto, (max-width: 600px) 100vw, 600px\" \/><\/div>\r\n\t\t<\/figure>\r\n\t<\/div>\r\n<div id=\"oabx-12\" style=\"--data-bgcolor:rgba(0,0,0,0.7)\" class=\"ozy-arrow_box arrow-TOP\"><\/p>\n<h4 style=\"text-align: center;\">Plage de Souda<\/h4>\n<p>Ici se termine l'esplanade de Plakias. Elle allie sable et galets, est connue pour ses eaux cristallines et est parfaite pour les jours de vent fort, puisque cette zone est prot\u00e9g\u00e9e du vent.<\/p>\n<p>La plage de Souda est situ\u00e9e \u00e0 33 km au sud-ouest de R\u00e9thymnon. La plage de Souda est une longue plage de sable et de galets, aux eaux cristallines, qui a \u00e9t\u00e9 r\u00e9compens\u00e9e en 2012 par le drapeau bleu.<\/p>\n<p>La plage est organis\u00e9e avec tous les conforts, chaises, parasols, vestiaires, douches, ma\u00eetre-nageur et tavernes.<span  id=\"wofcb-13\" class=\"ozy-custom_button_w\"><a id=\"ofcb-13\" style=\"--data-bordercolor:#000000\" class=\"ozy-custom_button ocbtn-1\"  href=\"#\"  target=\"_self\" >EN SAVOIR PLUS<\/a><\/span><\/div><\/div><\/div><\/div><\/div><\/div><\/div><\/div><\/div>\n<\/div>","protected":false},"excerpt":{"rendered":"Things To Do Around Plakias village The beautiful beach that can see a visitor from \"Studios and Apartments Chrisanthi\" is the eastern beach of Plakias seaside village that extends across [...]","protected":false},"author":1,"featured_media":0,"parent":0,"menu_order":0,"comment_status":"closed","ping_status":"closed","template":"page-transparent-menu.php","meta":{"footnotes":""},"class_list":["post-1066","page","type-page","status-publish","hentry",null],"_links":{"self":[{"href":"https:\/\/chrisanthi-mirthios.com\/fr\/wp-json\/wp\/v2\/pages\/1066","targetHints":{"allow":["GET"]}}],"collection":[{"href":"https:\/\/chrisanthi-mirthios.com\/fr\/wp-json\/wp\/v2\/pages"}],"about":[{"href":"https:\/\/chrisanthi-mirthios.com\/fr\/wp-json\/wp\/v2\/types\/page"}],"author":[{"embeddable":true,"href":"https:\/\/chrisanthi-mirthios.com\/fr\/wp-json\/wp\/v2\/users\/1"}],"replies":[{"embeddable":true,"href":"https:\/\/chrisanthi-mirthios.com\/fr\/wp-json\/wp\/v2\/comments?post=1066"}],"version-history":[{"count":17,"href":"https:\/\/chrisanthi-mirthios.com\/fr\/wp-json\/wp\/v2\/pages\/1066\/revisions"}],"predecessor-version":[{"id":2200,"href":"https:\/\/chrisanthi-mirthios.com\/fr\/wp-json\/wp\/v2\/pages\/1066\/revisions\/2200"}],"wp:attachment":[{"href":"https:\/\/chrisanthi-mirthios.com\/fr\/wp-json\/wp\/v2\/media?parent=1066"}],"curies":[{"name":"wp","href":"https:\/\/api.w.org\/{rel}","templated":true}]}}