{"id":1066,"date":"2018-10-10T18:37:20","date_gmt":"2018-10-10T18:37:20","guid":{"rendered":"https:\/\/sunway.freevision.me\/?page_id=1066"},"modified":"2024-10-06T11:17:18","modified_gmt":"2024-10-06T11:17:18","slug":"t-t-d","status":"publish","type":"page","link":"https:\/\/chrisanthi-mirthios.com\/es\/t-t-d\/","title":{"rendered":"ACTIVIDADES"},"content":{"rendered":"<div class=\"wpb-content-wrapper\"><div data-vc-full-width=\"true\" data-vc-full-width-init=\"false\" data-vc-parallax=\"1.5\" data-vc-parallax-image=\"https:\/\/chrisanthi-mirthios.com\/wp-content\/uploads\/2024\/10\/triopetra.png\" class=\"vc_row wpb_row vc_row-fluid vc_custom_1728213436061 vc_row-has-fill vc_column-gap-0 vc_row-o-content-middle vc_row-flex vc_general vc_parallax vc_parallax-content-moving\"><div class=\"wpb_column vc_column_container vc_col-sm-12\"><div class=\"vc_column-inner\"><div class=\"wpb_wrapper\"><h1 style=\"color: #ffffff;text-align: center;font-family:Playfair Display;font-weight:400;font-style:normal\" class=\"vc_custom_heading\" ><\/h1><h4 style=\"color: #c19b76;text-align: center;font-family:Playfair Display;font-weight:400;font-style:italic\" class=\"vc_custom_heading\" ><\/h4><\/div><\/div><\/div><\/div><div class=\"vc_row-full-width vc_clearfix\"><\/div><div class=\"vc_row wpb_row vc_row-fluid vc_custom_1543003836186 vc_column-gap-0\"><div class=\"wpb_column vc_column_container vc_col-sm-12\"><div class=\"vc_column-inner\"><div class=\"wpb_wrapper\"><h2 style=\"text-align: center\" class=\"vc_custom_heading vc_custom_1726997437235\" >Cosas que hacer en los alrededores<\/h2><div class=\"vc_row wpb_row vc_inner vc_row-fluid vc_custom_1543003651066\"><div class=\"wpb_column vc_column_container vc_col-sm-6\"><div class=\"vc_column-inner\"><div class=\"wpb_wrapper\">\r\n\t<div  class=\"wpb_single_image wpb_content_element vc_align_center\">\r\n\t\t\r\n\t\t<figure class=\"wpb_wrapper vc_figure\">\r\n\t\t\t<div class=\"vc_single_image-wrapper img-wrapper   vc_box_border_grey\"><img loading=\"lazy\" decoding=\"async\" width=\"736\" height=\"548\" src=\"https:\/\/chrisanthi-mirthios.com\/wp-content\/uploads\/2024\/10\/header-3.png\" class=\"vc_single_image-img attachment-full\" alt=\"\" title=\"cabecera-3\" srcset=\"https:\/\/chrisanthi-mirthios.com\/wp-content\/uploads\/2024\/10\/header-3.png 736w, https:\/\/chrisanthi-mirthios.com\/wp-content\/uploads\/2024\/10\/header-3-300x223.png 300w\" sizes=\"auto, (max-width: 736px) 100vw, 736px\" \/><\/div>\r\n\t\t<\/figure>\r\n\t<\/div>\r\n<div id=\"oabx-1\" style=\"--data-bgcolor:rgba(0,0,0,0.7)\" class=\"ozy-arrow_box arrow-TOP\"><\/p>\n<h4 style=\"text-align: center;\">Pueblo de Plakias<\/h4>\n<p>La hermosa playa que puede ver un visitante de \"Studios and Apartments Chrisanthi\" es la playa oriental del pueblo costero de Plakias que se extiende a trav\u00e9s de la bah\u00eda hasta la zona de Paligkremnos.<\/p>\n<p>Plakias principal ciudad de la zona ofrece todos los servicios b\u00e1sicos como farmacias, m\u00e9dicos, tiendas, servicios de autob\u00fas y taxi, una peque\u00f1a biblioteca, cajero autom\u00e1tico y muchas tiendas de caf\u00e9 y restaurante.<\/p>\n<p>Desde Plakias tambi\u00e9n se pueden organizar excursiones con agencias de viajes a importantes lugares de inter\u00e9s de la isla de Creta, como el desfiladero de Samaria, Aradena, Cnosos, etc.<span  id=\"wofcb-2\" class=\"ozy-custom_button_w\"><a id=\"ofcb-2\" style=\"--data-bordercolor:#000000\" class=\"ozy-custom_button ocbtn-1\"  href=\"#\"  target=\"_self\" >SABER M\u00c1S<\/a><\/span><\/div><div class=\"vc_empty_space\"   style=\"height: 30px\"><span class=\"vc_empty_space_inner\"><\/span><\/div>\r\n\t<div  class=\"wpb_single_image wpb_content_element vc_align_center\">\r\n\t\t\r\n\t\t<figure class=\"wpb_wrapper vc_figure\">\r\n\t\t\t<div class=\"vc_single_image-wrapper img-wrapper   vc_box_border_grey\"><img loading=\"lazy\" decoding=\"async\" width=\"655\" height=\"530\" src=\"https:\/\/chrisanthi-mirthios.com\/wp-content\/uploads\/2024\/10\/collage-activities.png\" class=\"vc_single_image-img attachment-full\" alt=\"\" title=\"collage-actividades\" srcset=\"https:\/\/chrisanthi-mirthios.com\/wp-content\/uploads\/2024\/10\/collage-activities.png 655w, https:\/\/chrisanthi-mirthios.com\/wp-content\/uploads\/2024\/10\/collage-activities-300x243.png 300w\" sizes=\"auto, (max-width: 655px) 100vw, 655px\" \/><\/div>\r\n\t\t<\/figure>\r\n\t<\/div>\r\n<div id=\"oabx-3\" style=\"--data-bgcolor:rgba(0,0,0,0.7)\" class=\"ozy-arrow_box arrow-TOP\"><\/p>\n<h4 style=\"text-align: center;\">Actividades<\/h4>\n<p>En la zona de Plakias y alrededores se puede descubrir una gran variedad de actividades que ayudan a explorar la belleza de la zona y a relajar la mente y el alma.<\/p>\n<p>La hermosa zona del sur de Rethimno contiene una gran cantidad de peque\u00f1os senderos que conectan monta\u00f1as, antiguas iglesias y pueblos. La variedad de playas y destinos costeros da tambi\u00e9n espacio para seguir explorando mediante excursiones en barco y buceo.<\/p>\n<p>En Plakias y sus alrededores se puede encontrar senderismo organizado, centros de buceo, excursiones en barco, paseos a caballo, centro de spa, yoga, eventos de m\u00fasica en vivo, deportes acu\u00e1ticos de playa o incluso entrenador personal.<span  id=\"wofcb-4\" class=\"ozy-custom_button_w\"><a id=\"ofcb-4\" style=\"--data-bordercolor:#000000\" class=\"ozy-custom_button ocbtn-1\"  href=\"#\"  target=\"_self\" >SABER M\u00c1S<\/a><\/span><\/div><div class=\"vc_empty_space\"   style=\"height: 30px\"><span class=\"vc_empty_space_inner\"><\/span><\/div>\r\n\t<div  class=\"wpb_single_image wpb_content_element vc_align_center\">\r\n\t\t\r\n\t\t<figure class=\"wpb_wrapper vc_figure\">\r\n\t\t\t<div class=\"vc_single_image-wrapper img-wrapper   vc_box_border_grey\"><img loading=\"lazy\" decoding=\"async\" width=\"600\" height=\"398\" src=\"https:\/\/chrisanthi-mirthios.com\/wp-content\/uploads\/2024\/09\/ammoudi3.jpg\" class=\"vc_single_image-img attachment-full\" alt=\"\" title=\"ammoudi3\" srcset=\"https:\/\/chrisanthi-mirthios.com\/wp-content\/uploads\/2024\/09\/ammoudi3.jpg 600w, https:\/\/chrisanthi-mirthios.com\/wp-content\/uploads\/2024\/09\/ammoudi3-300x199.jpg 300w\" sizes=\"auto, (max-width: 600px) 100vw, 600px\" \/><\/div>\r\n\t\t<\/figure>\r\n\t<\/div>\r\n<div id=\"oabx-5\" style=\"--data-bgcolor:rgba(0,0,0,0.7)\" class=\"ozy-arrow_box arrow-TOP\"><\/p>\n<h4 style=\"text-align: center;\">Playa de Ammoudi<\/h4>\n<p>La playa de Amoudi es una maravillosa playa de arena a 7,6 kil\u00f3metros al este de la localidad tur\u00edstica de Plakias y a 10 minutos a pie de la playa Damnoni, bastante resguardada de los vientos.<\/p>\n<p>Una peque\u00f1a playa (a las afueras del pueblo de Lefkogeia) de arena blanca gruesa, aguas transparentes y fondos rocosos de color verdoso. Los \u00e1rboles adyacentes ofrecen sombra y la posibilidad de acampar.<span  id=\"wofcb-6\" class=\"ozy-custom_button_w\"><a id=\"ofcb-6\" style=\"--data-bordercolor:#000000\" class=\"ozy-custom_button ocbtn-1\"  href=\"#\"  target=\"_self\" >SABER M\u00c1S<\/a><\/span><\/div><div class=\"vc_empty_space\"   style=\"height: 30px\"><span class=\"vc_empty_space_inner\"><\/span><\/div>\r\n\t<div  class=\"wpb_single_image wpb_content_element vc_align_center\">\r\n\t\t\r\n\t\t<figure class=\"wpb_wrapper vc_figure\">\r\n\t\t\t<div class=\"vc_single_image-wrapper img-wrapper   vc_box_border_grey\"><img loading=\"lazy\" decoding=\"async\" width=\"600\" height=\"314\" src=\"https:\/\/chrisanthi-mirthios.com\/wp-content\/uploads\/2024\/09\/ammoudaki1.jpg\" class=\"vc_single_image-img attachment-full\" alt=\"\" title=\"ammoudaki1\" srcset=\"https:\/\/chrisanthi-mirthios.com\/wp-content\/uploads\/2024\/09\/ammoudaki1.jpg 600w, https:\/\/chrisanthi-mirthios.com\/wp-content\/uploads\/2024\/09\/ammoudaki1-300x157.jpg 300w\" sizes=\"auto, (max-width: 600px) 100vw, 600px\" \/><\/div>\r\n\t\t<\/figure>\r\n\t<\/div>\r\n<div id=\"oabx-7\" style=\"--data-bgcolor:rgba(0,0,0,0.7)\" class=\"ozy-arrow_box arrow-TOP\"><\/p>\n<h4 style=\"text-align: center;\">Playa de Ammoudaki<\/h4>\n<p>Playa organizada con instalaciones para alojamiento, comida y ba\u00f1o (sillas de playa, sombrillas, deportes acu\u00e1ticos). Es una opci\u00f3n muy popular entre los ba\u00f1istas que quieren nadar y tomar el sol desnudos. Debido a su popularidad y peque\u00f1o tama\u00f1o est\u00e1 abarrotada, especialmente en los meses punta.<span  id=\"wofcb-8\" class=\"ozy-custom_button_w\"><a id=\"ofcb-8\" style=\"--data-bordercolor:#000000\" class=\"ozy-custom_button ocbtn-1\"  href=\"#\"  target=\"_self\" >SABER M\u00c1S<\/a><\/span><\/div><\/div><\/div><\/div><div class=\"wpb_column vc_column_container vc_col-sm-6\"><div class=\"vc_column-inner\"><div class=\"wpb_wrapper\">\r\n\t<div  class=\"wpb_single_image wpb_content_element vc_align_center\">\r\n\t\t\r\n\t\t<figure class=\"wpb_wrapper vc_figure\">\r\n\t\t\t<div class=\"vc_single_image-wrapper img-wrapper   vc_box_border_grey\"><img loading=\"lazy\" decoding=\"async\" width=\"665\" height=\"604\" src=\"https:\/\/chrisanthi-mirthios.com\/wp-content\/uploads\/2024\/10\/collage-preveli.png\" class=\"vc_single_image-img attachment-full\" alt=\"\" title=\"collage-preveli\" srcset=\"https:\/\/chrisanthi-mirthios.com\/wp-content\/uploads\/2024\/10\/collage-preveli.png 665w, https:\/\/chrisanthi-mirthios.com\/wp-content\/uploads\/2024\/10\/collage-preveli-300x272.png 300w\" sizes=\"auto, (max-width: 665px) 100vw, 665px\" \/><\/div>\r\n\t\t<\/figure>\r\n\t<\/div>\r\n<div id=\"oabx-9\" style=\"--data-bgcolor:rgba(0,0,0,0.7)\" class=\"ozy-arrow_box arrow-TOP\"><\/p>\n<h4 style=\"text-align: center;\">Playa de palmeras y monasterio de Preveli<\/h4>\n<p>La zona del \"Lago Preveli\" est\u00e1 situada en el lado sur de la isla de Creta y a s\u00f3lo unos kil\u00f3metros al este de la zona de Plakias. El impresionante paisaje comienza a partir de la imponente garganta Kourtaliotiko donde se encuentran las fuentes de agua de San Nicol\u00e1s, que lo abastecen de agua durante todo el a\u00f1o.<\/p>\n<p>Iglesias y monasterios, puentes de piedra y molinos atestiguan el contexto hist\u00f3rico y cultural de este lugar. Se encuentra cerca del monasterio de Preveli y para visitar la playa se requieren unos minutos de descenso de la monta\u00f1a.<br \/>\nAqu\u00ed desemboca el Gran R\u00edo y en sus orillas dominan las palmeras.<\/div><div class=\"vc_empty_space\"   style=\"height: 30px\"><span class=\"vc_empty_space_inner\"><\/span><\/div>\r\n\t<div  class=\"wpb_single_image wpb_content_element vc_align_center\">\r\n\t\t\r\n\t\t<figure class=\"wpb_wrapper vc_figure\">\r\n\t\t\t<div class=\"vc_single_image-wrapper img-wrapper   vc_box_border_grey\"><img loading=\"lazy\" decoding=\"async\" width=\"600\" height=\"450\" src=\"https:\/\/chrisanthi-mirthios.com\/wp-content\/uploads\/2024\/09\/damnoni3.jpg\" class=\"vc_single_image-img attachment-full\" alt=\"\" title=\"damnoni3\" srcset=\"https:\/\/chrisanthi-mirthios.com\/wp-content\/uploads\/2024\/09\/damnoni3.jpg 600w, https:\/\/chrisanthi-mirthios.com\/wp-content\/uploads\/2024\/09\/damnoni3-300x225.jpg 300w\" sizes=\"auto, (max-width: 600px) 100vw, 600px\" \/><\/div>\r\n\t\t<\/figure>\r\n\t<\/div>\r\n<div id=\"oabx-10\" style=\"--data-bgcolor:rgba(0,0,0,0.7)\" class=\"ozy-arrow_box arrow-TOP\"><\/p>\n<h4 style=\"text-align: center;\">Playa Damnoni<\/h4>\n<p>Otra playa de arena organizada se encuentra a poca distancia de Plakias. Se recomienda para buenos nadadores, ya que el mar se profundiza r\u00e1pidamente.<\/p>\n<p>El visitante puede cenar en famosos restaurantes frente a la playa.<span  id=\"wofcb-11\" class=\"ozy-custom_button_w\"><a id=\"ofcb-11\" style=\"--data-bordercolor:#000000\" class=\"ozy-custom_button ocbtn-1\"  href=\"#\"  target=\"_self\" >SABER M\u00c1S<\/a><\/span><\/div><div class=\"vc_empty_space\"   style=\"height: 30px\"><span class=\"vc_empty_space_inner\"><\/span><\/div>\r\n\t<div  class=\"wpb_single_image wpb_content_element vc_align_center\">\r\n\t\t\r\n\t\t<figure class=\"wpb_wrapper vc_figure\">\r\n\t\t\t<div class=\"vc_single_image-wrapper img-wrapper   vc_box_border_grey\"><img loading=\"lazy\" decoding=\"async\" width=\"600\" height=\"451\" src=\"https:\/\/chrisanthi-mirthios.com\/wp-content\/uploads\/2024\/09\/souda6.jpg\" class=\"vc_single_image-img attachment-full\" alt=\"\" title=\"souda6\" srcset=\"https:\/\/chrisanthi-mirthios.com\/wp-content\/uploads\/2024\/09\/souda6.jpg 600w, https:\/\/chrisanthi-mirthios.com\/wp-content\/uploads\/2024\/09\/souda6-300x226.jpg 300w\" sizes=\"auto, (max-width: 600px) 100vw, 600px\" \/><\/div>\r\n\t\t<\/figure>\r\n\t<\/div>\r\n<div id=\"oabx-12\" style=\"--data-bgcolor:rgba(0,0,0,0.7)\" class=\"ozy-arrow_box arrow-TOP\"><\/p>\n<h4 style=\"text-align: center;\">Playa de Souda<\/h4>\n<p>Aqu\u00ed termina la explanada de Plakias. Combina arena y guijarros, conocida por sus aguas cristalinas y perfecta para los d\u00edas de viento fuerte, ya que esta zona est\u00e1 protegida del viento.<\/p>\n<p>La playa de Souda se encuentra a 33 km al suroeste de Rethymno. La playa de Souda es una larga playa de arena y guijarros, de aguas cristalinas, que ha sido galardonada en 2012 con la Bandera Azul.<\/p>\n<p>La playa est\u00e1 organizada con todas las comodidades, sillas, sombrillas, vestuarios, duchas, socorrista y tabernas.<span  id=\"wofcb-13\" class=\"ozy-custom_button_w\"><a id=\"ofcb-13\" style=\"--data-bordercolor:#000000\" class=\"ozy-custom_button ocbtn-1\"  href=\"#\"  target=\"_self\" >SABER M\u00c1S<\/a><\/span><\/div><\/div><\/div><\/div><\/div><\/div><\/div><\/div><\/div>\n<\/div>","protected":false},"excerpt":{"rendered":"Things To Do Around Plakias village The beautiful beach that can see a visitor from \"Studios and Apartments Chrisanthi\" is the eastern beach of Plakias seaside village that extends across [...]","protected":false},"author":1,"featured_media":0,"parent":0,"menu_order":0,"comment_status":"closed","ping_status":"closed","template":"page-transparent-menu.php","meta":{"footnotes":""},"class_list":["post-1066","page","type-page","status-publish","hentry",null],"_links":{"self":[{"href":"https:\/\/chrisanthi-mirthios.com\/es\/wp-json\/wp\/v2\/pages\/1066","targetHints":{"allow":["GET"]}}],"collection":[{"href":"https:\/\/chrisanthi-mirthios.com\/es\/wp-json\/wp\/v2\/pages"}],"about":[{"href":"https:\/\/chrisanthi-mirthios.com\/es\/wp-json\/wp\/v2\/types\/page"}],"author":[{"embeddable":true,"href":"https:\/\/chrisanthi-mirthios.com\/es\/wp-json\/wp\/v2\/users\/1"}],"replies":[{"embeddable":true,"href":"https:\/\/chrisanthi-mirthios.com\/es\/wp-json\/wp\/v2\/comments?post=1066"}],"version-history":[{"count":17,"href":"https:\/\/chrisanthi-mirthios.com\/es\/wp-json\/wp\/v2\/pages\/1066\/revisions"}],"predecessor-version":[{"id":2200,"href":"https:\/\/chrisanthi-mirthios.com\/es\/wp-json\/wp\/v2\/pages\/1066\/revisions\/2200"}],"wp:attachment":[{"href":"https:\/\/chrisanthi-mirthios.com\/es\/wp-json\/wp\/v2\/media?parent=1066"}],"curies":[{"name":"wp","href":"https:\/\/api.w.org\/{rel}","templated":true}]}}