{"id":1868,"date":"2018-09-03T19:11:29","date_gmt":"2018-09-03T19:11:29","guid":{"rendered":"https:\/\/sunway.freevision.me\/?page_id=15"},"modified":"2025-03-02T14:30:33","modified_gmt":"2025-03-02T14:30:33","slug":"ixdex01","status":"publish","type":"page","link":"https:\/\/chrisanthi-mirthios.com\/de\/","title":{"rendered":"FrontPage 01"},"content":{"rendered":"<div class=\"wpb-content-wrapper\"><div data-vc-full-width=\"true\" data-vc-full-width-init=\"false\" data-vc-stretch-content=\"true\" class=\"vc_row wpb_row vc_row-fluid vc_column-gap-0 vc_row-no-padding vc_row-o-full-height vc_row-o-columns-middle vc_row-flex\"><div class=\"wpb_column vc_column_container vc_col-sm-12\"><div class=\"vc_column-inner\"><div class=\"wpb_wrapper\"><div id=\"top-banner-background-1\" class=\"shortcode-mode\"><div class=\"hero-background-slider\"><div style=\"background:url(https:\/\/chrisanthi-mirthios.com\/wp-content\/uploads\/2024\/09\/IMG_1602-scaled.jpg)\" data-title=\"Chrisanthi Mirthios Apartments\" data-subtitle=\"DISCOVER STUNNING SUNRISE AND SUNSET VIEWS\" data-link=\"#rooms\" data-linktitle=\"VIEW OUR APARTMENTS &amp; STUDIOS\" data-fgcolor=\"#ffffff\"><div class=\"div_link\"><span  id=\"wofcb-2\" class=\"ozy-custom_button_w\"><a id=\"ofcb-2\" style=\"--data-bordercolor:#000000\" class=\"ozy-custom_button ocbtn-12\"  href=\"#rooms\"  target=\"_self\" >UNSERE WOHNUNGEN ANSEHEN<\/a><\/span><\/div><\/div><\/div><div class=\"hero-background-slider\"><div style=\"background:url(https:\/\/chrisanthi-mirthios.com\/wp-content\/uploads\/2024\/11\/IMG_1923-sli.jpg)\" data-title=\"Tradition &amp; Renovation\" data-subtitle=\"TRADITIONAL VIBES\" data-link=\"#rooms\" data-linktitle=\"ACCOMODATION\" data-fgcolor=\"#ffffff\"><div class=\"div_link\"><span  id=\"wofcb-3\" class=\"ozy-custom_button_w\"><a id=\"ofcb-3\" style=\"--data-bordercolor:#000000\" class=\"ozy-custom_button ocbtn-12\"  href=\"#rooms\"  target=\"_self\" >UNTERKUNFT<\/a><\/span><\/div><\/div><\/div><div class=\"hero-background-slider\"><div style=\"background:url(https:\/\/chrisanthi-mirthios.com\/wp-content\/uploads\/2024\/09\/slide-3.jpg)\" data-title=\"Amazing Panoramic Views\" data-subtitle=\"RELAX &amp; UNWIND\" data-link=\"#rooms\" data-linktitle=\"BOOK NOW\" data-fgcolor=\"#ffffff\"><div class=\"div_link\"><span  id=\"wofcb-4\" class=\"ozy-custom_button_w\"><a id=\"ofcb-4\" style=\"--data-bordercolor:#000000\" class=\"ozy-custom_button ocbtn-12\"  href=\"#rooms\"  target=\"_self\" >JETZT BUCHEN<\/a><\/span><\/div><\/div><\/div><div class=\"reveal-slider-caption\"><\/div><\/div><div id=\"availability_search-5\" style=\"--bg-color:#ffffff\" class=\"homepage-widget-area container  floating-box bottom\"><div class=\"mphb_sc_search-wrapper widget_mphb_search_availability_widget\"><form method=\"GET\" class=\"mphb_sc_search-form\" action=\"https:\/\/chrisanthi-mirthios.com\/de\/search-results\/\" data-first_available_check_in_date=\"2026-04-21\" data-trp-original-action=\"https:\/\/chrisanthi-mirthios.com\/de\/search-results\/\">\r\n\r\n\t<p class = \"mphb-required-fields-tip\">\n\t<small>\n\t\tErforderliche Felder werden gefolgt von\t\t<abbr title=\"erforderlich\">*<\/abbr>\n\t<\/small>\n<\/p>\n\r\n\t<p class=\"mphb_sc_search-check-in-date\">\r\n\t\t<label for=\"mphb_check_in_date-mphb-search-form-69e76efd9f372\">\r\n\t\t\tCheck-in\t\t\t<abbr title=\"Formatted as dd\/mm\/yyyy\">*<\/abbr>\r\n\t\t<\/label>\r\n\t\t<input\r\n\t\t\tid=\"mphb_check_in_date-mphb-search-form-69e76efd9f372\"\r\n\t\t\tdata-datepick-group=\"mphb-search-form-69e76efd9f372\"\r\n\t\t\tvalue=\"21\/04\/2026\"\r\n\t\t\tplaceholder=\"Check-in Date\"\r\n\t\t\trequired=\"required\"\r\n\t\t\ttype=\"text\"\r\n\t\t\tname=\"mphb_check_in_date\"\r\n\t\t\tclass=\"mphb-datepick\"\r\n\t\t\tautocomplete=\"off\"\r\n\t\t\t\/>\r\n\t<\/p>\r\n\r\n\t<p class=\"mphb_sc_search-check-out-date\">\r\n\t\t<label for=\"mphb_check_out_date-mphb-search-form-69e76efd9f372\">\r\n\t\t\tCheck-out\t\t\t<abbr title=\"Formatted as dd\/mm\/yyyy\">*<\/abbr>\r\n\t\t<\/label>\r\n\t\t<input\r\n\t\t\tid=\"mphb_check_out_date-mphb-search-form-69e76efd9f372\"\r\n\t\t\tdata-datepick-group=\"mphb-search-form-69e76efd9f372\"\r\n\t\t\tvalue=\"22\/04\/2026\"\r\n\t\t\tplaceholder=\"Check-out Date\"\r\n\t\t\trequired=\"required\"\r\n\t\t\ttype=\"text\"\r\n\t\t\tname=\"mphb_check_out_date\"\r\n\t\t\tclass=\"mphb-datepick\"\r\n\t\t\tautocomplete=\"off\"\r\n\t\t\t\/>\r\n\t<\/p>\r\n\r\n\t\t\t<p class=\"mphb_sc_search-adults\">\r\n\t\t\t<label for=\"mphb_adults-mphb-search-form-69e76efd9f372\">\r\n\t\t\t\tGuests\t\t\t<\/label>\r\n\t\t\t<span><span>-<\/span><input type=\"number\" id=\"mphb_adults-mphb-search-form-69e76efd9f372\" name=\"mphb_adults\" value=\"1\" min=\"1\" max=\"30\"\/><span>+<\/span><\/span>\r\n\t\t<\/p>\r\n\t\r\n\t\t\t<input type=\"hidden\" id=\"mphb_children-mphb-search-form-69e76efd9f372\" name=\"mphb_children\" value=\"0\" \/>\r\n\t\r\n\t\r\n\t\r\n\t<input id=\"mphb_check_in_date-mphb-search-form-69e76efd9f372-hidden\" value=\"2026-04-21\" type=\"hidden\" name=\"mphb_check_in_date\" \/><input id=\"mphb_check_out_date-mphb-search-form-69e76efd9f372-hidden\" value=\"2026-04-22\" type=\"hidden\" name=\"mphb_check_out_date\" \/>\r\n\t<p class=\"mphb_sc_search-submit-button-wrapper\">\r\n\t\t<input type=\"submit\" class=\"button\" value=\"CHECK AVAILABILITY\"\/>\r\n\t<\/p>\r\n\r\n\t\r\n<input type=\"hidden\" name=\"trp-form-language\" value=\"de\"\/><\/form>\r\n<\/div><\/div><\/div><\/div><\/div><\/div><div class=\"vc_row-full-width vc_clearfix\"><\/div><div class=\"vc_row wpb_row vc_row-fluid vc_custom_1740925829840 vc_row-has-fill vc_column-gap-0 vc_row-o-content-middle vc_row-flex\"><div class=\"wpb_column vc_column_container vc_col-sm-6\"><div class=\"vc_column-inner\"><div class=\"wpb_wrapper\"><h2 style=\"color: #000000;text-align: center\" class=\"vc_custom_heading vc_custom_1727116876021\" >Die ideale Wahl f\u00fcr Ihren Urlaub.<\/h2>\n\t<div class=\"wpb_text_column wpb_content_element\" >\n\t\t<div class=\"wpb_wrapper\">\n\t\t\t<p style=\"text-align: justify;\">An der S\u00fcdk\u00fcste Kretas befindet sich das kleine mediterrane Dorf Myrthios, das im traditionellen Stil an den H\u00e4ngen von Kouroupa erbaut wurde und einen herrlichen Panoramablick auf den mit der Blauen Flagge ausgezeichneten Strand von Plakias bietet. Am westlichen Ende des Dorfes befinden sich die Studios und Apartments Chrisanthi, die einen herrlichen Blick auf das tiefblaue Libysche Meer bieten und bei gutem Wetter sogar Gavdos und Gavdopoula erkennen lassen. Unser Unternehmen bietet die idealen Bedingungen f\u00fcr Erholung und Entspannung, indem es Berge und Meer miteinander verbindet, um Ihnen einen angenehmen und entspannenden Urlaub zu bieten.<\/p>\n\n\t\t<\/div>\n\t<\/div>\n<\/div><\/div><\/div><div class=\"wpb_column vc_column_container vc_col-sm-6\"><div class=\"vc_column-inner\"><div class=\"wpb_wrapper\">\r\n\t<div  class=\"wpb_single_image wpb_content_element vc_align_right  wpb_animate_when_almost_visible wpb_fadeIn fadeIn vc_custom_1731839436137\">\r\n\t\t\r\n\t\t<figure class=\"wpb_wrapper vc_figure\">\r\n\t\t\t<div class=\"vc_single_image-wrapper img-wrapper   vc_box_border_grey\"><img loading=\"lazy\" decoding=\"async\" width=\"2048\" height=\"1373\" src=\"https:\/\/chrisanthi-mirthios.com\/wp-content\/uploads\/2024\/09\/IMG_1639.jpg\" class=\"vc_single_image-img attachment-full\" alt=\"Mirthios apartment, Plakias sea view\" title=\"IMG_1639\" srcset=\"https:\/\/chrisanthi-mirthios.com\/wp-content\/uploads\/2024\/09\/IMG_1639.jpg 2048w, https:\/\/chrisanthi-mirthios.com\/wp-content\/uploads\/2024\/09\/IMG_1639-300x201.jpg 300w, https:\/\/chrisanthi-mirthios.com\/wp-content\/uploads\/2024\/09\/IMG_1639-1024x687.jpg 1024w, https:\/\/chrisanthi-mirthios.com\/wp-content\/uploads\/2024\/09\/IMG_1639-768x515.jpg 768w, https:\/\/chrisanthi-mirthios.com\/wp-content\/uploads\/2024\/09\/IMG_1639-1536x1030.jpg 1536w, https:\/\/chrisanthi-mirthios.com\/wp-content\/uploads\/2024\/09\/IMG_1639-1144x767.jpg 1144w\" sizes=\"auto, (max-width: 2048px) 100vw, 2048px\" \/><\/div>\r\n\t\t<\/figure>\r\n\t<\/div>\r\n<\/div><\/div><\/div><\/div><div data-vc-full-width=\"true\" data-vc-full-width-init=\"false\" class=\"vc_row wpb_row vc_row-fluid vc_custom_1537989181048 vc_row-has-fill vc_column-gap-0\"><div class=\"wpb_column vc_column_container vc_col-sm-12\"><div class=\"vc_column-inner\"><div class=\"wpb_wrapper\"><div class=\"vc_row wpb_row vc_inner vc_row-fluid vc_custom_1537988042258 vc_row-has-fill vc_row-o-content-middle vc_row-flex\"><div class=\"wpb_column vc_column_container vc_col-sm-6\"><div class=\"vc_column-inner vc_custom_1537989443441\"><div class=\"wpb_wrapper\"><h2 style=\"color: #000000;text-align: center\" class=\"vc_custom_heading vc_custom_1727114144773\" >Entspannung und Privatsph\u00e4re<\/h2>\n\t<div class=\"wpb_text_column wpb_content_element\" >\n\t\t<div class=\"wpb_wrapper\">\n\t\t\t<p>Auf einem 2000 m\u00b2 gro\u00dfen Grundst\u00fcck liegt das Chrisanthi-Mirthios abseits des Trubels, mit viel Privatsph\u00e4re und einer Rezeption, die unsere G\u00e4ste herzlich willkommen hei\u00dft. Im vorderen Bereich befindet sich ein gro\u00dfer Garten, in dem die G\u00e4ste an Holztischen oder auf Liegest\u00fchlen im Gras zwischen Blumen und Beeten den Panoramablick genie\u00dfen k\u00f6nnen, was sowohl f\u00fcr j\u00fcngere als auch f\u00fcr \u00e4ltere Menschen ein Vergn\u00fcgen ist. Auf der linken Seite des Geb\u00e4udes wurde ein privater Parkplatz angelegt.<br \/>\nEs gibt drei Zimmerkategorien, die sich nach der Anzahl der Besucher richten:<\/p>\n<ul>\n<li>Studios (25m\u00b2), die 2-3 Personen beherbergen k\u00f6nnen<\/li>\n<li>Junior Apartments (50m\u00b2) f\u00fcr 2-4 Personen<\/li>\n<li>Appartements (75m\u00b2) f\u00fcr bis zu 6 Personen<\/li>\n<\/ul>\n\n\t\t<\/div>\n\t<\/div>\n<span  id=\"wofcb-6\" class=\"ozy-custom_button_w\"><a id=\"ofcb-6\" style=\"--data-bordercolor:#c19b76\" class=\"ozy-custom_button ocbtn-1\"  href=\"\/index.php\/accommodations\/\"  target=\"_self\" >UNTERK\u00dcNFTE<\/a><\/span><\/div><\/div><\/div><div class=\"wpb_column vc_column_container vc_col-sm-6\"><div class=\"vc_column-inner vc_custom_1537987996656\"><div class=\"wpb_wrapper\">\r\n\t<div  class=\"wpb_single_image wpb_content_element vc_align_center  wpb_animate_when_almost_visible wpb_fadeIn fadeIn vc_custom_1727113810534\">\r\n\t\t\r\n\t\t<figure class=\"wpb_wrapper vc_figure\">\r\n\t\t\t<div class=\"vc_single_image-wrapper img-wrapper   vc_box_border_grey\"><img loading=\"lazy\" decoding=\"async\" width=\"940\" height=\"530\" src=\"https:\/\/chrisanthi-mirthios.com\/wp-content\/uploads\/2024\/09\/slide-1-1.jpg\" class=\"vc_single_image-img attachment-full\" alt=\"Chrisanthi sea view\" title=\"Chrisanthi Meerblick\" srcset=\"https:\/\/chrisanthi-mirthios.com\/wp-content\/uploads\/2024\/09\/slide-1-1.jpg 940w, https:\/\/chrisanthi-mirthios.com\/wp-content\/uploads\/2024\/09\/slide-1-1-300x169.jpg 300w, https:\/\/chrisanthi-mirthios.com\/wp-content\/uploads\/2024\/09\/slide-1-1-768x433.jpg 768w\" sizes=\"auto, (max-width: 940px) 100vw, 940px\" \/><\/div>\r\n\t\t<\/figure>\r\n\t<\/div>\r\n<\/div><\/div><\/div><\/div><div class=\"vc_row wpb_row vc_inner vc_row-fluid vc_custom_1537988042258 vc_row-has-fill vc_row-o-content-middle vc_row-flex\"><div class=\"wpb_column vc_column_container vc_col-sm-6\"><div class=\"vc_column-inner vc_custom_1537988850850\"><div class=\"wpb_wrapper\">\r\n\t<div  class=\"wpb_single_image wpb_content_element vc_align_center  wpb_animate_when_almost_visible wpb_fadeIn fadeIn vc_custom_1731657202806\">\r\n\t\t\r\n\t\t<figure class=\"wpb_wrapper vc_figure\">\r\n\t\t\t<div class=\"vc_single_image-wrapper img-wrapper   vc_box_border_grey\"><img loading=\"lazy\" decoding=\"async\" width=\"2560\" height=\"1920\" src=\"https:\/\/chrisanthi-mirthios.com\/wp-content\/uploads\/2024\/09\/IMG_1601-scaled.jpg\" class=\"vc_single_image-img attachment-full\" alt=\"Chrisanthi, Sea view, Plakias, Studio\" title=\"IMG_1601\" srcset=\"https:\/\/chrisanthi-mirthios.com\/wp-content\/uploads\/2024\/09\/IMG_1601-scaled.jpg 2560w, https:\/\/chrisanthi-mirthios.com\/wp-content\/uploads\/2024\/09\/IMG_1601-300x225.jpg 300w, https:\/\/chrisanthi-mirthios.com\/wp-content\/uploads\/2024\/09\/IMG_1601-1024x768.jpg 1024w, https:\/\/chrisanthi-mirthios.com\/wp-content\/uploads\/2024\/09\/IMG_1601-768x576.jpg 768w, https:\/\/chrisanthi-mirthios.com\/wp-content\/uploads\/2024\/09\/IMG_1601-1536x1152.jpg 1536w, https:\/\/chrisanthi-mirthios.com\/wp-content\/uploads\/2024\/09\/IMG_1601-2048x1536.jpg 2048w, https:\/\/chrisanthi-mirthios.com\/wp-content\/uploads\/2024\/09\/IMG_1601-1144x858.jpg 1144w\" sizes=\"auto, (max-width: 2560px) 100vw, 2560px\" \/><\/div>\r\n\t\t<\/figure>\r\n\t<\/div>\r\n<\/div><\/div><\/div><div class=\"wpb_column vc_column_container vc_col-sm-6\"><div class=\"vc_column-inner vc_custom_1537989436882\"><div class=\"wpb_wrapper\"><h2 style=\"color: #000000;text-align: center\" class=\"vc_custom_heading vc_custom_1731306496487\" >Schlafkomfort<\/h2>\n\t<div class=\"wpb_text_column wpb_content_element\" >\n\t\t<div class=\"wpb_wrapper\">\n\t\t\t<p style=\"text-align: justify;\">Alle Wohnungen sind hell und luftig, f\u00fcr einen angenehmen und fr\u00f6hlichen Aufenthalt. Die Balkone der Zimmer sind mit eigenen M\u00f6beln und St\u00fchlen ausgestattet, auf denen Sie den spektakul\u00e4ren Blick auf das azurblaue Meer genie\u00dfen k\u00f6nnen. Alle Zimmertypen verf\u00fcgen \u00fcber eine voll ausgestattete K\u00fcche mit K\u00fchlschrank, Wi-Fi, Zentralheizung, Klimaanlage, B\u00fcgeleisen und Haartrockner.  Im Bereich der Reinigung wird der M\u00fcll t\u00e4glich abgeholt und die allgemeine Reinigung erfolgt alle drei Tage. Die Schichten sind anatomisch und haben die Firma COCO-MAT. In \u00dcbereinstimmung mit dem Gesetz und f\u00fcr die Sicherheit der G\u00e4ste gibt es Feuerl\u00f6scher in den gesetzlichen Orten.<\/p>\n\n\t\t<\/div>\n\t<\/div>\n<span  id=\"wofcb-7\" class=\"ozy-custom_button_w\"><a id=\"ofcb-7\" style=\"--data-bordercolor:#c19b76\" class=\"ozy-custom_button ocbtn-1\"  href=\"\/de\/accommodations\/\"  target=\"_self\" >JETZT BUCHEN<\/a><\/span><\/div><\/div><\/div><\/div><\/div><\/div><\/div><\/div><div class=\"vc_row-full-width vc_clearfix\"><\/div><div id=\"rooms\" data-vc-full-width=\"true\" data-vc-full-width-init=\"false\" data-vc-stretch-content=\"true\" class=\"vc_row wpb_row vc_row-fluid vc_custom_1542928222647 vc_column-gap-0 vc_row-no-padding\"><div class=\"wpb_column vc_column_container vc_col-sm-12\"><div class=\"vc_column-inner\"><div class=\"wpb_wrapper\"><p style=\"color: #c19b76;text-align: center\" class=\"vc_custom_heading\" ><\/p><h2 style=\"text-align: center\" class=\"vc_custom_heading vc_custom_1729933760153\" >Zimmer mit Panoramablick auf das Meer<\/h2><div id=\"ovd-8\" class=\"ozy-vertical_divider wpb_content_element\"><span class=\"h6-size heading-font\"><\/span><\/div><div id=\"hero-post-slides-9\" class=\"hero-post-slides\">\t<div class=\"slides-cont\">\t\t<div class=\"slides wpb_content_element carousel\" data-flickity='{\"groupCells\": \"80%\", \"pageDots\": false, \"imagesLoaded\": true,  \"autoPlay\": false, \"pauseAutoPlayOnHover\": true, \"prevNextButtons\": true, \"cellAlign\": \"center\" }'><div class=\"slide carousel-cell\" style=\"background-image: url(data:image\/png;base64,R0lGODlhAQABAAD\/ACwAAAAAAQABAAACADs=);\" data-bgsrc=\"https:\/\/chrisanthi-mirthios.com\/wp-content\/uploads\/2024\/09\/IMG_1598-edited-1144x717.png\">\t<div class=\"number\">01<\/div>\t<div class=\"body\">\t\t<div class=\"location\">Studios im ersten Stock<\/div>\t\t<div class=\"headline heading-font-family\">Studio im ersten Stock<\/div>\t\t<a href=\"https:\/\/chrisanthi-mirthios.com\/de\/accommodation\/first-floor-studio\/\" target=\"_self\"><span class=\"link ozy-button auto\">View More<\/span><\/a>\t<\/div><\/div><div class=\"slide carousel-cell\" style=\"background-image: url(data:image\/png;base64,R0lGODlhAQABAAD\/ACwAAAAAAQABAAACADs=);\" data-bgsrc=\"https:\/\/chrisanthi-mirthios.com\/wp-content\/uploads\/2024\/09\/IMG_0182-1144x858.jpg\">\t<div class=\"number\">02<\/div>\t<div class=\"body\">\t\t<div class=\"location\">Studios im Erdgeschoss<\/div>\t\t<div class=\"headline heading-font-family\">Studio im Erdgeschoss<\/div>\t\t<a href=\"https:\/\/chrisanthi-mirthios.com\/de\/accommodation\/ground-floor-studio\/\" target=\"_self\"><span class=\"link ozy-button auto\">View More<\/span><\/a>\t<\/div><\/div><div class=\"slide carousel-cell\" style=\"background-image: url(data:image\/png;base64,R0lGODlhAQABAAD\/ACwAAAAAAQABAAACADs=);\" data-bgsrc=\"https:\/\/chrisanthi-mirthios.com\/wp-content\/uploads\/2024\/09\/IMG_0138-1144x858.jpg\">\t<div class=\"number\">03<\/div>\t<div class=\"body\">\t\t<div class=\"location\">Junior Apartment<\/div>\t\t<div class=\"headline heading-font-family\">Junior Apartment<\/div>\t\t<a href=\"https:\/\/chrisanthi-mirthios.com\/de\/accommodation\/junior-apartment\/\" target=\"_self\"><span class=\"link ozy-button auto\">View More<\/span><\/a>\t<\/div><\/div><div class=\"slide carousel-cell\" style=\"background-image: url(data:image\/png;base64,R0lGODlhAQABAAD\/ACwAAAAAAQABAAACADs=);\" data-bgsrc=\"https:\/\/chrisanthi-mirthios.com\/wp-content\/uploads\/2024\/09\/IMG_0200-1144x858.jpg\">\t<div class=\"number\">04<\/div>\t<div class=\"body\">\t\t<div class=\"location\">Apartment f\u00fcr vier Personen<\/div>\t\t<div class=\"headline heading-font-family\">Apartment f\u00fcr vier Personen<\/div>\t\t<a href=\"https:\/\/chrisanthi-mirthios.com\/de\/accommodation\/four-persons-apartment\/\" target=\"_self\"><span class=\"link ozy-button auto\">View More<\/span><\/a>\t<\/div><\/div>\t\t<\/div>\t<\/div><\/div><\/div><\/div><\/div><\/div><div class=\"vc_row-full-width vc_clearfix\"><\/div>\n<\/div>","protected":false},"excerpt":{"rendered":"With a fully equipped kitchen with a refrigerator to facilitate preparation of any food or beverage (coffee maker, juicer, kettle, pots). Moreover there is available a broadband Internet access aDSL [...]","protected":false},"author":1,"featured_media":0,"parent":0,"menu_order":0,"comment_status":"closed","ping_status":"closed","template":"page-transparent-menu.php","meta":{"footnotes":""},"class_list":["post-1868","page","type-page","status-publish","hentry","has_thumb",null],"_links":{"self":[{"href":"https:\/\/chrisanthi-mirthios.com\/de\/wp-json\/wp\/v2\/pages\/1868","targetHints":{"allow":["GET"]}}],"collection":[{"href":"https:\/\/chrisanthi-mirthios.com\/de\/wp-json\/wp\/v2\/pages"}],"about":[{"href":"https:\/\/chrisanthi-mirthios.com\/de\/wp-json\/wp\/v2\/types\/page"}],"author":[{"embeddable":true,"href":"https:\/\/chrisanthi-mirthios.com\/de\/wp-json\/wp\/v2\/users\/1"}],"replies":[{"embeddable":true,"href":"https:\/\/chrisanthi-mirthios.com\/de\/wp-json\/wp\/v2\/comments?post=1868"}],"version-history":[{"count":25,"href":"https:\/\/chrisanthi-mirthios.com\/de\/wp-json\/wp\/v2\/pages\/1868\/revisions"}],"predecessor-version":[{"id":2361,"href":"https:\/\/chrisanthi-mirthios.com\/de\/wp-json\/wp\/v2\/pages\/1868\/revisions\/2361"}],"wp:attachment":[{"href":"https:\/\/chrisanthi-mirthios.com\/de\/wp-json\/wp\/v2\/media?parent=1868"}],"curies":[{"name":"wp","href":"https:\/\/api.w.org\/{rel}","templated":true}]}}