{"id":1066,"date":"2018-10-10T18:37:20","date_gmt":"2018-10-10T18:37:20","guid":{"rendered":"https:\/\/sunway.freevision.me\/?page_id=1066"},"modified":"2024-10-06T11:17:18","modified_gmt":"2024-10-06T11:17:18","slug":"t-t-d","status":"publish","type":"page","link":"https:\/\/chrisanthi-mirthios.com\/de\/t-t-d\/","title":{"rendered":"AKTIVIT\u00c4TEN"},"content":{"rendered":"<div class=\"wpb-content-wrapper\"><div data-vc-full-width=\"true\" data-vc-full-width-init=\"false\" data-vc-parallax=\"1.5\" data-vc-parallax-image=\"https:\/\/chrisanthi-mirthios.com\/wp-content\/uploads\/2024\/10\/triopetra.png\" class=\"vc_row wpb_row vc_row-fluid vc_custom_1728213436061 vc_row-has-fill vc_column-gap-0 vc_row-o-content-middle vc_row-flex vc_general vc_parallax vc_parallax-content-moving\"><div class=\"wpb_column vc_column_container vc_col-sm-12\"><div class=\"vc_column-inner\"><div class=\"wpb_wrapper\"><h1 style=\"color: #ffffff;text-align: center;font-family:Playfair Display;font-weight:400;font-style:normal\" class=\"vc_custom_heading\" ><\/h1><h4 style=\"color: #c19b76;text-align: center;font-family:Playfair Display;font-weight:400;font-style:italic\" class=\"vc_custom_heading\" ><\/h4><\/div><\/div><\/div><\/div><div class=\"vc_row-full-width vc_clearfix\"><\/div><div class=\"vc_row wpb_row vc_row-fluid vc_custom_1543003836186 vc_column-gap-0\"><div class=\"wpb_column vc_column_container vc_col-sm-12\"><div class=\"vc_column-inner\"><div class=\"wpb_wrapper\"><h2 style=\"text-align: center\" class=\"vc_custom_heading vc_custom_1726997437235\" >Unternehmungen in der Umgebung<\/h2><div class=\"vc_row wpb_row vc_inner vc_row-fluid vc_custom_1543003651066\"><div class=\"wpb_column vc_column_container vc_col-sm-6\"><div class=\"vc_column-inner\"><div class=\"wpb_wrapper\">\r\n\t<div  class=\"wpb_single_image wpb_content_element vc_align_center\">\r\n\t\t\r\n\t\t<figure class=\"wpb_wrapper vc_figure\">\r\n\t\t\t<div class=\"vc_single_image-wrapper img-wrapper   vc_box_border_grey\"><img loading=\"lazy\" decoding=\"async\" width=\"736\" height=\"548\" src=\"https:\/\/chrisanthi-mirthios.com\/wp-content\/uploads\/2024\/10\/header-3.png\" class=\"vc_single_image-img attachment-full\" alt=\"\" title=\"Kopfzeile-3\" srcset=\"https:\/\/chrisanthi-mirthios.com\/wp-content\/uploads\/2024\/10\/header-3.png 736w, https:\/\/chrisanthi-mirthios.com\/wp-content\/uploads\/2024\/10\/header-3-300x223.png 300w\" sizes=\"auto, (max-width: 736px) 100vw, 736px\" \/><\/div>\r\n\t\t<\/figure>\r\n\t<\/div>\r\n<div id=\"oabx-1\" style=\"--data-bgcolor:rgba(0,0,0,0.7)\" class=\"ozy-arrow_box arrow-TOP\"><\/p>\n<h4 style=\"text-align: center;\">Plakias Dorf<\/h4>\n<p>Der sch\u00f6ne Strand, den ein Besucher von \"Studios und Apartments Chrisanthi\" sehen kann, ist der \u00f6stliche Strand des K\u00fcstendorfes Plakias, der sich \u00fcber die Bucht bis zum Gebiet von Paligkremnos erstreckt.<\/p>\n<p>Plakias, der Hauptort der Region, bietet alle grundlegenden Dienstleistungen wie Apotheken, \u00c4rzte, Gesch\u00e4fte, Busse und Taxis, eine kleine Bibliothek, Geldautomaten und viele Caf\u00e9s und Restaurants.<\/p>\n<p>Von Plakias aus k\u00f6nnen Sie mit Reiseb\u00fcros auch Ausfl\u00fcge zu wichtigen Sehensw\u00fcrdigkeiten auf der Insel Kreta wie der Samaria-Schlucht, Aradena, Knossos usw. organisieren.<span  id=\"wofcb-2\" class=\"ozy-custom_button_w\"><a id=\"ofcb-2\" style=\"--data-bordercolor:#000000\" class=\"ozy-custom_button ocbtn-1\"  href=\"#\"  target=\"_self\" >MEHR LERNEN<\/a><\/span><\/div><div class=\"vc_empty_space\"   style=\"height: 30px\"><span class=\"vc_empty_space_inner\"><\/span><\/div>\r\n\t<div  class=\"wpb_single_image wpb_content_element vc_align_center\">\r\n\t\t\r\n\t\t<figure class=\"wpb_wrapper vc_figure\">\r\n\t\t\t<div class=\"vc_single_image-wrapper img-wrapper   vc_box_border_grey\"><img loading=\"lazy\" decoding=\"async\" width=\"655\" height=\"530\" src=\"https:\/\/chrisanthi-mirthios.com\/wp-content\/uploads\/2024\/10\/collage-activities.png\" class=\"vc_single_image-img attachment-full\" alt=\"\" title=\"Collage-Aktivit\u00e4ten\" srcset=\"https:\/\/chrisanthi-mirthios.com\/wp-content\/uploads\/2024\/10\/collage-activities.png 655w, https:\/\/chrisanthi-mirthios.com\/wp-content\/uploads\/2024\/10\/collage-activities-300x243.png 300w\" sizes=\"auto, (max-width: 655px) 100vw, 655px\" \/><\/div>\r\n\t\t<\/figure>\r\n\t<\/div>\r\n<div id=\"oabx-3\" style=\"--data-bgcolor:rgba(0,0,0,0.7)\" class=\"ozy-arrow_box arrow-TOP\"><\/p>\n<h4 style=\"text-align: center;\">Aktivit\u00e4ten<\/h4>\n<p>In Plakias und Umgebung k\u00f6nnen Sie eine Vielzahl von Aktivit\u00e4ten entdecken, die dazu beitragen, die Sch\u00f6nheit der Gegend zu erkunden und Geist und Seele zu entspannen.<\/p>\n<p>Das sch\u00f6ne Gebiet im S\u00fcden von Rethimno verf\u00fcgt \u00fcber eine Vielzahl kleiner Wege, die Berge, alte Kirchen und D\u00f6rfer miteinander verbinden. Die Vielfalt der Str\u00e4nde und Badeorte gibt auch Raum f\u00fcr weitere Erkundungen durch Bootsfahrten und Tauchen.<\/p>\n<p>In Plakias und Umgebung finden Sie organisierte Wanderungen, Tauchzentren, Bootsausfl\u00fcge, Reiten, Wellness-Center, Yoga, Live-Musik-Veranstaltungen, Wassersport am Strand und sogar Personal Trainer.<span  id=\"wofcb-4\" class=\"ozy-custom_button_w\"><a id=\"ofcb-4\" style=\"--data-bordercolor:#000000\" class=\"ozy-custom_button ocbtn-1\"  href=\"#\"  target=\"_self\" >MEHR LERNEN<\/a><\/span><\/div><div class=\"vc_empty_space\"   style=\"height: 30px\"><span class=\"vc_empty_space_inner\"><\/span><\/div>\r\n\t<div  class=\"wpb_single_image wpb_content_element vc_align_center\">\r\n\t\t\r\n\t\t<figure class=\"wpb_wrapper vc_figure\">\r\n\t\t\t<div class=\"vc_single_image-wrapper img-wrapper   vc_box_border_grey\"><img loading=\"lazy\" decoding=\"async\" width=\"600\" height=\"398\" src=\"https:\/\/chrisanthi-mirthios.com\/wp-content\/uploads\/2024\/09\/ammoudi3.jpg\" class=\"vc_single_image-img attachment-full\" alt=\"\" title=\"ammoudi3\" srcset=\"https:\/\/chrisanthi-mirthios.com\/wp-content\/uploads\/2024\/09\/ammoudi3.jpg 600w, https:\/\/chrisanthi-mirthios.com\/wp-content\/uploads\/2024\/09\/ammoudi3-300x199.jpg 300w\" sizes=\"auto, (max-width: 600px) 100vw, 600px\" \/><\/div>\r\n\t\t<\/figure>\r\n\t<\/div>\r\n<div id=\"oabx-5\" style=\"--data-bgcolor:rgba(0,0,0,0.7)\" class=\"ozy-arrow_box arrow-TOP\"><\/p>\n<h4 style=\"text-align: center;\">Ammoudi Strand<\/h4>\n<p>Amoudi Strand ist ein wundersch\u00f6ner Sandstrand 7,6 Kilometer \u00f6stlich des Ferienortes Plakias und 10 Minuten zu Fu\u00df vom Strand Damnoni ziemlich windgesch\u00fctzt.<\/p>\n<p>Ein kleiner Strand (etwas au\u00dferhalb des Dorfes Lefkogeia) mit grobem wei\u00dfen Sand, klarem Wasser und felsigem Meeresboden mit gr\u00fcnlicher Farbe. Die angrenzenden B\u00e4ume bieten Schatten und die M\u00f6glichkeit des Campings.<span  id=\"wofcb-6\" class=\"ozy-custom_button_w\"><a id=\"ofcb-6\" style=\"--data-bordercolor:#000000\" class=\"ozy-custom_button ocbtn-1\"  href=\"#\"  target=\"_self\" >MEHR LERNEN<\/a><\/span><\/div><div class=\"vc_empty_space\"   style=\"height: 30px\"><span class=\"vc_empty_space_inner\"><\/span><\/div>\r\n\t<div  class=\"wpb_single_image wpb_content_element vc_align_center\">\r\n\t\t\r\n\t\t<figure class=\"wpb_wrapper vc_figure\">\r\n\t\t\t<div class=\"vc_single_image-wrapper img-wrapper   vc_box_border_grey\"><img loading=\"lazy\" decoding=\"async\" width=\"600\" height=\"314\" src=\"https:\/\/chrisanthi-mirthios.com\/wp-content\/uploads\/2024\/09\/ammoudaki1.jpg\" class=\"vc_single_image-img attachment-full\" alt=\"\" title=\"ammoudaki1\" srcset=\"https:\/\/chrisanthi-mirthios.com\/wp-content\/uploads\/2024\/09\/ammoudaki1.jpg 600w, https:\/\/chrisanthi-mirthios.com\/wp-content\/uploads\/2024\/09\/ammoudaki1-300x157.jpg 300w\" sizes=\"auto, (max-width: 600px) 100vw, 600px\" \/><\/div>\r\n\t\t<\/figure>\r\n\t<\/div>\r\n<div id=\"oabx-7\" style=\"--data-bgcolor:rgba(0,0,0,0.7)\" class=\"ozy-arrow_box arrow-TOP\"><\/p>\n<h4 style=\"text-align: center;\">Ammoudaki Strand<\/h4>\n<p>Ein organisierter Strand mit Unterkunfts-, Verpflegungs- und Badem\u00f6glichkeiten (Liegest\u00fchle, Sonnenschirme, Wassersport). Er ist sehr beliebt bei Badeg\u00e4sten, die nackt schwimmen und sonnenbaden wollen. Aufgrund seiner Beliebtheit und geringen Gr\u00f6\u00dfe ist er vor allem in den Spitzenmonaten \u00fcberf\u00fcllt.<span  id=\"wofcb-8\" class=\"ozy-custom_button_w\"><a id=\"ofcb-8\" style=\"--data-bordercolor:#000000\" class=\"ozy-custom_button ocbtn-1\"  href=\"#\"  target=\"_self\" >MEHR LERNEN<\/a><\/span><\/div><\/div><\/div><\/div><div class=\"wpb_column vc_column_container vc_col-sm-6\"><div class=\"vc_column-inner\"><div class=\"wpb_wrapper\">\r\n\t<div  class=\"wpb_single_image wpb_content_element vc_align_center\">\r\n\t\t\r\n\t\t<figure class=\"wpb_wrapper vc_figure\">\r\n\t\t\t<div class=\"vc_single_image-wrapper img-wrapper   vc_box_border_grey\"><img loading=\"lazy\" decoding=\"async\" width=\"665\" height=\"604\" src=\"https:\/\/chrisanthi-mirthios.com\/wp-content\/uploads\/2024\/10\/collage-preveli.png\" class=\"vc_single_image-img attachment-full\" alt=\"\" title=\"collage-preveli\" srcset=\"https:\/\/chrisanthi-mirthios.com\/wp-content\/uploads\/2024\/10\/collage-preveli.png 665w, https:\/\/chrisanthi-mirthios.com\/wp-content\/uploads\/2024\/10\/collage-preveli-300x272.png 300w\" sizes=\"auto, (max-width: 665px) 100vw, 665px\" \/><\/div>\r\n\t\t<\/figure>\r\n\t<\/div>\r\n<div id=\"oabx-9\" style=\"--data-bgcolor:rgba(0,0,0,0.7)\" class=\"ozy-arrow_box arrow-TOP\"><\/p>\n<h4 style=\"text-align: center;\">Preveli Palm Beach &amp; Kloster<\/h4>\n<p>Das Gebiet des \"Preveli-Sees\" befindet sich auf der S\u00fcdseite der Insel Kreta und nur wenige Kilometer \u00f6stlich von Plakias. Die atemberaubende Landschaft beginnt mit der imposanten Schlucht Kourtaliotiko, in der sich die Wasserquellen von St. Nicholas befinden, die den See das ganze Jahr \u00fcber mit Wasser versorgen.<\/p>\n<p>Kirchen und Kl\u00f6ster, Steinbr\u00fccken und M\u00fchlen zeugen vom historischen und kulturellen Kontext dieses Ortes. Es befindet sich in der N\u00e4he von Preveli Kloster und f\u00fcr den Besuch des Strandes ist ein paar Minuten bergab den Berg erforderlich.<br \/>\nHier m\u00fcndet der Gro\u00dfe Fluss, an dessen Ufern Palmen dominieren.<\/div><div class=\"vc_empty_space\"   style=\"height: 30px\"><span class=\"vc_empty_space_inner\"><\/span><\/div>\r\n\t<div  class=\"wpb_single_image wpb_content_element vc_align_center\">\r\n\t\t\r\n\t\t<figure class=\"wpb_wrapper vc_figure\">\r\n\t\t\t<div class=\"vc_single_image-wrapper img-wrapper   vc_box_border_grey\"><img loading=\"lazy\" decoding=\"async\" width=\"600\" height=\"450\" src=\"https:\/\/chrisanthi-mirthios.com\/wp-content\/uploads\/2024\/09\/damnoni3.jpg\" class=\"vc_single_image-img attachment-full\" alt=\"\" title=\"damnoni3\" srcset=\"https:\/\/chrisanthi-mirthios.com\/wp-content\/uploads\/2024\/09\/damnoni3.jpg 600w, https:\/\/chrisanthi-mirthios.com\/wp-content\/uploads\/2024\/09\/damnoni3-300x225.jpg 300w\" sizes=\"auto, (max-width: 600px) 100vw, 600px\" \/><\/div>\r\n\t\t<\/figure>\r\n\t<\/div>\r\n<div id=\"oabx-10\" style=\"--data-bgcolor:rgba(0,0,0,0.7)\" class=\"ozy-arrow_box arrow-TOP\"><\/p>\n<h4 style=\"text-align: center;\">Damnoni Strand<\/h4>\n<p>Ein weiterer organisierter Sandstrand ist nur eine kurze Autofahrt von Plakias entfernt. Er wird f\u00fcr gute Schwimmer empfohlen, da das Meer schnell tief wird.<\/p>\n<p>Der Besucher kann in ber\u00fchmten Restaurants an der Strandpromenade speisen.<span  id=\"wofcb-11\" class=\"ozy-custom_button_w\"><a id=\"ofcb-11\" style=\"--data-bordercolor:#000000\" class=\"ozy-custom_button ocbtn-1\"  href=\"#\"  target=\"_self\" >MEHR LERNEN<\/a><\/span><\/div><div class=\"vc_empty_space\"   style=\"height: 30px\"><span class=\"vc_empty_space_inner\"><\/span><\/div>\r\n\t<div  class=\"wpb_single_image wpb_content_element vc_align_center\">\r\n\t\t\r\n\t\t<figure class=\"wpb_wrapper vc_figure\">\r\n\t\t\t<div class=\"vc_single_image-wrapper img-wrapper   vc_box_border_grey\"><img loading=\"lazy\" decoding=\"async\" width=\"600\" height=\"451\" src=\"https:\/\/chrisanthi-mirthios.com\/wp-content\/uploads\/2024\/09\/souda6.jpg\" class=\"vc_single_image-img attachment-full\" alt=\"\" title=\"souda6\" srcset=\"https:\/\/chrisanthi-mirthios.com\/wp-content\/uploads\/2024\/09\/souda6.jpg 600w, https:\/\/chrisanthi-mirthios.com\/wp-content\/uploads\/2024\/09\/souda6-300x226.jpg 300w\" sizes=\"auto, (max-width: 600px) 100vw, 600px\" \/><\/div>\r\n\t\t<\/figure>\r\n\t<\/div>\r\n<div id=\"oabx-12\" style=\"--data-bgcolor:rgba(0,0,0,0.7)\" class=\"ozy-arrow_box arrow-TOP\"><\/p>\n<h4 style=\"text-align: center;\">Souda Strand<\/h4>\n<p>Hier endet die Strandpromenade von Plakias. Es kombiniert Sand und Kieselsteine, bekannt f\u00fcr sein kristallklares Wasser und perfekt f\u00fcr Tage mit starkem Wind, da dieser Bereich vor dem Wind gesch\u00fctzt ist.<\/p>\n<p>Der Strand von Souda befindet sich 33 km s\u00fcdwestlich von Rethymno. Der Souda-Strand ist ein langer Strand mit Sand und Kieselsteinen, kristallklarem Wasser, der 2012 mit der Blauen Flagge ausgezeichnet wurde.<\/p>\n<p>Der Strand ist mit allen Annehmlichkeiten ausgestattet: St\u00fchle, Sonnenschirme, Umkleidekabinen, Duschen, Rettungsschwimmer und Tavernen.<span  id=\"wofcb-13\" class=\"ozy-custom_button_w\"><a id=\"ofcb-13\" style=\"--data-bordercolor:#000000\" class=\"ozy-custom_button ocbtn-1\"  href=\"#\"  target=\"_self\" >MEHR LERNEN<\/a><\/span><\/div><\/div><\/div><\/div><\/div><\/div><\/div><\/div><\/div>\n<\/div>","protected":false},"excerpt":{"rendered":"Things To Do Around Plakias village The beautiful beach that can see a visitor from \"Studios and Apartments Chrisanthi\" is the eastern beach of Plakias seaside village that extends across [...]","protected":false},"author":1,"featured_media":0,"parent":0,"menu_order":0,"comment_status":"closed","ping_status":"closed","template":"page-transparent-menu.php","meta":{"footnotes":""},"class_list":["post-1066","page","type-page","status-publish","hentry",null],"_links":{"self":[{"href":"https:\/\/chrisanthi-mirthios.com\/de\/wp-json\/wp\/v2\/pages\/1066","targetHints":{"allow":["GET"]}}],"collection":[{"href":"https:\/\/chrisanthi-mirthios.com\/de\/wp-json\/wp\/v2\/pages"}],"about":[{"href":"https:\/\/chrisanthi-mirthios.com\/de\/wp-json\/wp\/v2\/types\/page"}],"author":[{"embeddable":true,"href":"https:\/\/chrisanthi-mirthios.com\/de\/wp-json\/wp\/v2\/users\/1"}],"replies":[{"embeddable":true,"href":"https:\/\/chrisanthi-mirthios.com\/de\/wp-json\/wp\/v2\/comments?post=1066"}],"version-history":[{"count":17,"href":"https:\/\/chrisanthi-mirthios.com\/de\/wp-json\/wp\/v2\/pages\/1066\/revisions"}],"predecessor-version":[{"id":2200,"href":"https:\/\/chrisanthi-mirthios.com\/de\/wp-json\/wp\/v2\/pages\/1066\/revisions\/2200"}],"wp:attachment":[{"href":"https:\/\/chrisanthi-mirthios.com\/de\/wp-json\/wp\/v2\/media?parent=1066"}],"curies":[{"name":"wp","href":"https:\/\/api.w.org\/{rel}","templated":true}]}}